{"id":243244,"date":"2023-10-22T18:47:59","date_gmt":"2023-10-22T16:47:59","guid":{"rendered":"https:\/\/stage.outscale.dk\/sicherheitsloesungen\/"},"modified":"2024-04-09T15:09:32","modified_gmt":"2024-04-09T13:09:32","slug":"sicherheitsloesungen","status":"publish","type":"page","link":"https:\/\/outscale.dk\/de\/sicherheitsloesungen\/","title":{"rendered":"Sicherheitsl\u00f6sungen"},"content":{"rendered":"<p>[et_pb_section fb_built=&#8220;1&#8243; custom_padding_last_edited=&#8220;on|phone&#8220; next_background_color=&#8220;#ffffff&#8220; admin_label=&#8220;Hero section&#8220; _builder_version=&#8220;4.23.1&#8243; use_background_color_gradient=&#8220;on&#8220; background_color_gradient_stops=&#8220;gcid-075eed47-f94b-4384-8788-0a4e1ee23a94 0%|gcid-b8f79f9a-d9c1-4119-9c56-620686091b1d 100%&#8220; background_color_gradient_overlays_image=&#8220;on&#8220; background_color_gradient_start=&#8220;rgba(150,105,97,0.67)&#8220; background_color_gradient_end=&#8220;rgba(2,0,76,0.84)&#8220; background_image=&#8220;https:\/\/outscale.dk\/wp-content\/uploads\/2023\/10\/outscale-sikringsloesninger-cropped-scaled.jpg&#8220; parallax=&#8220;on&#8220; z_index=&#8220;-500&#8243; min_height=&#8220;550px&#8220; min_height_tablet=&#8220;&#8220; min_height_phone=&#8220;&#8220; min_height_last_edited=&#8220;on|phone&#8220; custom_margin=&#8220;-100px||||false|false&#8220; custom_margin_tablet=&#8220;0px||0px||true|false&#8220; custom_margin_phone=&#8220;0px||0px||true|false&#8220; custom_margin_last_edited=&#8220;on|phone&#8220; custom_padding=&#8220;10%||15%||false|false&#8220; custom_padding_tablet=&#8220;||10%||false|false&#8220; custom_padding_phone=&#8220;10%||10%||false|false&#8220; bottom_divider_style=&#8220;curve2&#8243; bottom_divider_repeat=&#8220;1x&#8220; bottom_divider_style_tablet=&#8220;curve2&#8243; bottom_divider_style_phone=&#8220;none&#8220; bottom_divider_style_last_edited=&#8220;on|desktop&#8220; module_alignment_last_edited=&#8220;off|phone&#8220; global_colors_info=&#8220;{%22gcid-b8f79f9a-d9c1-4119-9c56-620686091b1d%22:%91%22background_color_gradient_stops%22%93,%22gcid-c63b5d83-3fbd-4df2-ad78-99af3c9d0869%22:%91%22background_color_gradient_stops%22%93,%22gcid-075eed47-f94b-4384-8788-0a4e1ee23a94%22:%91%22background_color_gradient_stops%22%93}&#8220;][et_pb_row _builder_version=&#8220;4.22.2&#8243; module_alignment=&#8220;center&#8220; custom_margin=&#8220;||||false|false&#8220; custom_margin_tablet=&#8220;60px||||false|false&#8220; custom_margin_phone=&#8220;110px||||false|false&#8220; custom_margin_last_edited=&#8220;on|phone&#8220; custom_padding=&#8220;||||false|false&#8220; global_colors_info=&#8220;{}&#8220;][et_pb_column type=&#8220;4_4&#8243; _builder_version=&#8220;4.22.2&#8243; custom_padding=&#8220;1px|||&#8220; global_colors_info=&#8220;{}&#8220; custom_padding__hover=&#8220;|||&#8220;][et_pb_text _builder_version=&#8220;4.22.2&#8243; _module_preset=&#8220;default&#8220; header_text_color=&#8220;#FFFFFF&#8220; header_2_text_color=&#8220;#FFFFFF&#8220; text_orientation=&#8220;center&#8220; custom_padding=&#8220;20px||20px||false|false&#8220; global_colors_info=&#8220;{}&#8220;]<\/p>\n<div class=\"elementor-element elementor-element-4b8b3d1f elementor-widget elementor-widget-heading\" data-id=\"4b8b3d1f\" data-element_type=\"widget\" data-widget_type=\"heading.default\">\n<div class=\"elementor-widget-container\">\n<h1 class=\"elementor-heading-title elementor-size-default\">Sicherheitsl\u00f6sungen<\/h1>\n<p>&nbsp;<\/p>\n<\/div>\n<\/div>\n<p>[\/et_pb_text][\/et_pb_column][\/et_pb_row][\/et_pb_section][et_pb_section fb_built=&#8220;1&#8243; custom_padding_last_edited=&#8220;on|desktop&#8220; _builder_version=&#8220;4.22.2&#8243; custom_padding=&#8220;54px|0px|0px|0px|false|false&#8220; custom_padding_tablet=&#8220;54px|0px|0px|0px|false|false&#8220; custom_padding_phone=&#8220;54px|0px|0px|0px|false|false&#8220; global_colors_info=&#8220;{}&#8220;][et_pb_row make_equal=&#8220;on&#8220; _builder_version=&#8220;4.22.2&#8243; background_enable_color=&#8220;off&#8220; background_size=&#8220;initial&#8220; background_position=&#8220;top_left&#8220; background_repeat=&#8220;repeat&#8220; width=&#8220;65%&#8220; width_tablet=&#8220;90%&#8220; width_phone=&#8220;90%&#8220; width_last_edited=&#8220;on|desktop&#8220; max_width=&#8220;1440px&#8220; custom_margin=&#8220;-10%||||false|false&#8220; custom_padding=&#8220;||||false|false&#8220; animation_style=&#8220;slide&#8220; animation_direction=&#8220;bottom&#8220; animation_intensity_slide=&#8220;6%&#8220; animation_starting_opacity=&#8220;100%&#8220; border_style_all=&#8220;none&#8220; use_custom_width=&#8220;on&#8220; custom_width_px=&#8220;1440px&#8220; global_colors_info=&#8220;{}&#8220;][et_pb_column type=&#8220;4_4&#8243; _builder_version=&#8220;4.22.2&#8243; _module_preset=&#8220;default&#8220; background_color=&#8220;#FFFFFF&#8220; custom_padding=&#8220;40px|20px|40px|20px|true|true&#8220; border_radii=&#8220;on|20px|20px|20px|20px&#8220; border_color_all=&#8220;#000000&#8243; box_shadow_style=&#8220;preset1&#8243; global_colors_info=&#8220;{}&#8220; custom_padding__hover=&#8220;|||&#8220;][et_pb_blurb title=&#8220;Wir sichern Ihr Verm\u00f6gen&#8220; use_icon=&#8220;on&#8220; font_icon=&#8220;&#xe0f6;||divi||400&#8243; icon_color=&#8220;#ffffff&#8220; image_icon_background_color=&#8220;gcid-b8f79f9a-d9c1-4119-9c56-620686091b1d&#8220; image_icon_width=&#8220;40px&#8220; content_max_width=&#8220;90%&#8220; _builder_version=&#8220;4.22.2&#8243; header_level=&#8220;h3&#8243; header_font=&#8220;Lato|900||on|||||&#8220; header_font_size=&#8220;22px&#8220; header_letter_spacing=&#8220;1px&#8220; header_line_height=&#8220;1.4em&#8220; body_font=&#8220;Lato||||||||&#8220; body_text_color=&#8220;#898f99&#8243; body_line_height=&#8220;1.6em&#8220; image_icon_custom_padding=&#8220;25px|25px|25px|25px|false|false&#8220; text_orientation=&#8220;center&#8220; custom_margin=&#8220;0px||0px||false|false&#8220; custom_padding=&#8220;0px||0px||false|false&#8220; animation=&#8220;off&#8220; border_radii_image=&#8220;on|100%|100%|100%|100%&#8220; icon_font_size=&#8220;40px&#8220; use_circle=&#8220;on&#8220; circle_color=&#8220;#bdc1c9&#8243; global_colors_info=&#8220;{%22gcid-b8f79f9a-d9c1-4119-9c56-620686091b1d%22:%91%22image_icon_background_color%22%93}&#8220; image_icon_background_color__sticky_enabled=&#8220;#7EBEC5&#8243; image_icon_background_color__sticky=&#8220;#7EBEC5&#8243;]<\/p>\n<p>Bei OutScale haben wir 4 Hauptschwerpunkte unter der Kategorie &#8222;Sicherheitsl\u00f6sungen&#8220;. Wir tun dies, weil es uns die M\u00f6glichkeit gibt, absolute Spezialisten in diesen Bereichen zu sein und Ihnen die richtigen Ratschl\u00e4ge und L\u00f6sungen zu bieten.<\/p>\n<p>Nachfolgend k\u00f6nnen Sie sich \u00fcber einige der Optionen informieren, die wir f\u00fcr Sicherheitsl\u00f6sungen mit Alarmanlagen, Video\u00fcberwachung, Zugangskontrolle und Nebelschutz anbieten. Diese Bereiche wurden speziell ausgew\u00e4hlt, weil unsere Erfahrung zeigt, dass Sie mit diesen oder einer Kombination von ihnen eine Sicherheitsl\u00f6sung erhalten, die alle Bed\u00fcrfnisse und W\u00fcnsche abdeckt.<\/p>\n<p>[\/et_pb_blurb][\/et_pb_column][\/et_pb_row][\/et_pb_section][et_pb_section fb_built=&#8220;1&#8243; custom_padding_last_edited=&#8220;on|phone&#8220; admin_label=&#8220;About Section&#8220; _builder_version=&#8220;4.22.2&#8243; custom_padding=&#8220;0px|0px|100px|0px|false|false&#8220; custom_padding_tablet=&#8220;0px|0px|100px|0px|false|false&#8220; custom_padding_phone=&#8220;0px|0px|100px|0px|false|false&#8220; global_colors_info=&#8220;{}&#8220;][et_pb_row column_structure=&#8220;1_2,1_2&#8243; make_equal=&#8220;on&#8220; _builder_version=&#8220;4.22.2&#8243; max_width=&#8220;1440px&#8220; custom_margin=&#8220;||70px|&#8220; global_colors_info=&#8220;{}&#8220;][et_pb_column type=&#8220;1_2&#8243; _builder_version=&#8220;4.22.2&#8243; custom_padding=&#8220;|||&#8220; custom_css_main_element=&#8220;margin: auto;&#8220; global_colors_info=&#8220;{}&#8220; custom_padding__hover=&#8220;|||&#8220;][et_pb_text _builder_version=&#8220;4.22.2&#8243; text_font=&#8220;Lato||||||||&#8220; text_text_color=&#8220;#898f99&#8243; text_line_height=&#8220;2em&#8220; header_font=&#8220;||||||||&#8220; header_2_font=&#8220;Lato||||||||&#8220; header_3_font=&#8220;Lato|700|||||||&#8220; header_3_line_height=&#8220;1.5em&#8220; custom_margin=&#8220;||||false|false&#8220; global_colors_info=&#8220;{}&#8220;]<\/p>\n<h3>Alarm (AIA)<\/h3>\n<p>Wir sind spezialisiert auf Alarmsysteme, die Sie und Ihr Unternehmen sch\u00fctzen. Wir sind auf die Entwicklung komplexer Systeme spezialisiert, die viele Sicherheitsl\u00f6sungen in einer einzigen L\u00f6sung vereinen. F\u00fcr uns ist es wichtig, alle Ihre Bed\u00fcrfnisse zu ermitteln und eine ma\u00dfgeschneiderte L\u00f6sung zu liefern, die einfach zu bedienen ist. Wir liefern Alarmanlagen in allen Gr\u00f6\u00dfen und Sicherheitsklassen.<\/p>\n<p>F\u00fcr uns ist es wichtig, dass ein Alarmsystem modular und damit flexibel ist, so dass es m\u00f6glich ist, das System mit z.B. Zutrittskontrolle, Video\u00fcberwachung usw. in einer L\u00f6sung zu erweitern, bei der alles zusammenarbeitet.<\/p>\n<p>&nbsp;<\/p>\n<p>[\/et_pb_text][\/et_pb_column][et_pb_column type=&#8220;1_2&#8243; _builder_version=&#8220;4.22.2&#8243; custom_padding=&#8220;|||&#8220; custom_css_main_element=&#8220;margin: auto;&#8220; global_colors_info=&#8220;{}&#8220; custom_padding__hover=&#8220;|||&#8220;][et_pb_image src=&#8220;https:\/\/outscale.dk\/wp-content\/uploads\/2023\/10\/Outscale-NOX-BP-scaled.jpg&#8220; title_text=&#8220;Au\u00dfenskala NOX BP&#8220; show_bottom_space=&#8220;off&#8220; force_fullwidth=&#8220;on&#8220; align_tablet=&#8220;center&#8220; align_phone=&#8220;center&#8220; align_last_edited=&#8220;on|desktop&#8220; _builder_version=&#8220;4.22.2&#8243; custom_margin=&#8220;||||false|false&#8220; custom_padding=&#8220;20px|20px|20px|20px|false|false&#8220; animation_style=&#8220;fade&#8220; border_radii=&#8220;on|60px|60px|60px|60px&#8220; box_shadow_style=&#8220;preset1&#8243; box_shadow_blur=&#8220;40px&#8220; box_shadow_spread=&#8220;10px&#8220; locked=&#8220;off&#8220; global_colors_info=&#8220;{}&#8220;][\/et_pb_image][\/et_pb_column][\/et_pb_row][\/et_pb_section][et_pb_section fb_built=&#8220;1&#8243; prev_background_color=&#8220;#ffffff&#8220; admin_label=&#8220;About Section&#8220; _builder_version=&#8220;4.22.2&#8243; background_color=&#8220;gcid-d0019d06-2fb0-4bd9-901a-6380462bc007&#8243; custom_margin=&#8220;0px||0px||false|false&#8220; custom_padding=&#8220;100px|0px|0px|0px||&#8220; top_divider_style=&#8220;ramp&#8220; global_colors_info=&#8220;{%22gcid-d0019d06-2fb0-4bd9-901a-6380462bc007%22:%91%22background_color%22%93}&#8220;][et_pb_row column_structure=&#8220;1_2,1_2&#8243; make_equal=&#8220;on&#8220; _builder_version=&#8220;4.22.2&#8243; max_width=&#8220;1440px&#8220; custom_margin=&#8220;||0px||false|false&#8220; global_colors_info=&#8220;{}&#8220;][et_pb_column type=&#8220;1_2&#8243; _builder_version=&#8220;4.22.2&#8243; custom_padding=&#8220;|||&#8220; custom_css_main_element=&#8220;margin: auto;&#8220; global_colors_info=&#8220;{}&#8220; custom_padding__hover=&#8220;|||&#8220;][et_pb_image src=&#8220;https:\/\/outscale.dk\/wp-content\/uploads\/2023\/10\/Outscale-videoovervaagning-base-scaled.jpg&#8220; title_text=&#8220;Au\u00dfergew\u00f6hnliche Video\u00fcberwachungsbasis&#8220; show_bottom_space=&#8220;off&#8220; force_fullwidth=&#8220;on&#8220; align_tablet=&#8220;center&#8220; align_phone=&#8220;center&#8220; align_last_edited=&#8220;on|desktop&#8220; _builder_version=&#8220;4.22.2&#8243; custom_margin=&#8220;||||false|false&#8220; custom_padding=&#8220;20px|20px|20px|20px|false|false&#8220; animation_style=&#8220;fade&#8220; border_radii=&#8220;on|60px|60px|60px|60px&#8220; box_shadow_style=&#8220;preset1&#8243; box_shadow_blur=&#8220;40px&#8220; box_shadow_spread=&#8220;10px&#8220; locked=&#8220;off&#8220; global_colors_info=&#8220;{}&#8220;][\/et_pb_image][\/et_pb_column][et_pb_column type=&#8220;1_2&#8243; _builder_version=&#8220;4.22.2&#8243; custom_padding=&#8220;|||&#8220; custom_css_main_element=&#8220;margin: auto;&#8220; global_colors_info=&#8220;{}&#8220; custom_padding__hover=&#8220;|||&#8220;][et_pb_text _builder_version=&#8220;4.22.2&#8243; text_font=&#8220;Lato||||||||&#8220; text_text_color=&#8220;#898f99&#8243; text_line_height=&#8220;2em&#8220; header_font=&#8220;||||||||&#8220; header_2_font=&#8220;Lato||||||||&#8220; header_3_font=&#8220;Lato|700|||||||&#8220; header_3_line_height=&#8220;1.5em&#8220; custom_margin=&#8220;||||false|false&#8220; global_colors_info=&#8220;{}&#8220;]<\/p>\n<h3>Video\u00fcberwachung<\/h3>\n<p>Video\u00fcberwachung, CCTV, TVO oder einfach nur TV-\u00dcberwachung &#8211; es gibt viele Namen, die das gleiche allgemeine Prinzip beschreiben, und es wird zunehmend nicht nur in d\u00e4nischen Unternehmen, sondern auch in Privathaushalten eingesetzt.<\/p>\n<p>Wir haben umfangreiche Erfahrungen mit gro\u00dfen und kleinen Video\u00fcberwachungssystemen. Wir stellen hohe Anforderungen an Benutzerfreundlichkeit und Funktionalit\u00e4t, was sich auch in unseren Video\u00fcberwachungsl\u00f6sungen widerspiegelt. Wir haben uns darauf spezialisiert, integrierbare Systeme zu entwickeln, so dass es m\u00f6glich ist, Videoanalysen wie z. B. die Videoanalyse hinzuzuf\u00fcgen. Nummernschilderkennung, Gesichtserkennung und Heatmapping oder andere integrierte L\u00f6sungen, entweder von Anfang an oder als Erweiterung des Systems zu einem sp\u00e4teren Zeitpunkt.<\/p>\n<p>Wir verwenden unter anderem die Xprotect-L\u00f6sung von Milestone als VMS (Video Management System). Das System basiert auf einem offenen Plattformansatz, der uns unendlich viele M\u00f6glichkeiten bietet, eine ma\u00dfgeschneiderte L\u00f6sung f\u00fcr Ihre spezifischen Anforderungen zu liefern.<\/p>\n<p>&nbsp;<\/p>\n<p>[\/et_pb_text][\/et_pb_column][\/et_pb_row][\/et_pb_section][et_pb_section fb_built=&#8220;1&#8243; next_background_color=&#8220;#ffffff&#8220; admin_label=&#8220;About Section&#8220; _builder_version=&#8220;4.22.2&#8243; background_color=&#8220;gcid-d0019d06-2fb0-4bd9-901a-6380462bc007&#8243; custom_margin=&#8220;0px||||false|false&#8220; custom_padding=&#8220;|0px|100px|0px|false|false&#8220; bottom_divider_style=&#8220;ramp&#8220; bottom_divider_flip=&#8220;horizontal&#8220; global_colors_info=&#8220;{%22gcid-d0019d06-2fb0-4bd9-901a-6380462bc007%22:%91%22background_color%22%93}&#8220;][et_pb_row column_structure=&#8220;1_2,1_2&#8243; make_equal=&#8220;on&#8220; _builder_version=&#8220;4.22.2&#8243; max_width=&#8220;1440px&#8220; custom_margin=&#8220;||70px||false|false&#8220; custom_padding=&#8220;||||false|false&#8220; global_colors_info=&#8220;{}&#8220;][et_pb_column type=&#8220;1_2&#8243; _builder_version=&#8220;4.22.2&#8243; custom_padding=&#8220;|||&#8220; custom_css_main_element=&#8220;margin: auto;&#8220; global_colors_info=&#8220;{}&#8220; custom_padding__hover=&#8220;|||&#8220;][et_pb_text _builder_version=&#8220;4.22.2&#8243; text_font=&#8220;Lato||||||||&#8220; text_text_color=&#8220;#898f99&#8243; text_line_height=&#8220;2em&#8220; header_font=&#8220;||||||||&#8220; header_2_font=&#8220;Lato||||||||&#8220; header_3_font=&#8220;Lato|700|||||||&#8220; header_3_line_height=&#8220;1.5em&#8220; custom_margin=&#8220;||||false|false&#8220; global_colors_info=&#8220;{}&#8220;]<\/p>\n<h3>Zugangskontrolle (ADK)<\/h3>\n<p>Mit einem Zugangskontrollsystem k\u00f6nnen Sie die Zugangsrechte f\u00fcr alle Ihre Mitarbeiter, Kunden oder Lieferanten einfach verwalten. Im Gegensatz zu einer herk\u00f6mmlichen physischen Schl\u00fcssell\u00f6sung ist ein Zugangskontrollsystem sehr flexibel und einfach zu verwalten. Wir k\u00f6nnen eine breite Palette von Zugangskontrolll\u00f6sungen anbieten, von einfachen L\u00f6sungen f\u00fcr eine einfache Verwaltung bis hin zu gro\u00dfen komplexen L\u00f6sungen mit Anti-Passback, Schl\u00f6ssern, Zugangsringen oder Zugang \u00fcber Nummernschilderkennung.<\/p>\n<p>Alle unsere Zugangskontrolll\u00f6sungen sind \u00e4u\u00dferst zuverl\u00e4ssig und extrem flexibel, so dass wir eine ma\u00dfgeschneiderte L\u00f6sung schaffen k\u00f6nnen, die \u00fcber Jahre hinweg Bestand hat.<\/p>\n<p>&nbsp;<\/p>\n<p>[\/et_pb_text][\/et_pb_column][et_pb_column type=&#8220;1_2&#8243; _builder_version=&#8220;4.16&#8243; custom_padding=&#8220;|||&#8220; global_colors_info=&#8220;{}&#8220; custom_padding__hover=&#8220;|||&#8220;][et_pb_image src=&#8220;https:\/\/outscale.dk\/wp-content\/uploads\/2023\/10\/20210412_120538-scaled-e1623014971940-1024&#215;724-1.jpg&#8220; title_text=&#8220;20210412_120538-scaled-e1623014971940-1024&#215;724&#8243; show_bottom_space=&#8220;off&#8220; force_fullwidth=&#8220;on&#8220; align_tablet=&#8220;center&#8220; align_phone=&#8220;center&#8220; align_last_edited=&#8220;on|desktop&#8220; _builder_version=&#8220;4.22.2&#8243; custom_margin=&#8220;||||false|false&#8220; custom_padding=&#8220;20px|20px|100px|20px|false|false&#8220; animation_style=&#8220;fade&#8220; border_radii=&#8220;on|60px|60px|60px|60px&#8220; box_shadow_style=&#8220;preset1&#8243; box_shadow_blur=&#8220;40px&#8220; box_shadow_spread=&#8220;10px&#8220; locked=&#8220;off&#8220; global_colors_info=&#8220;{}&#8220;][\/et_pb_image][\/et_pb_column][\/et_pb_row][\/et_pb_section][et_pb_section fb_built=&#8220;1&#8243; admin_label=&#8220;About Section&#8220; _builder_version=&#8220;4.22.2&#8243; custom_margin=&#8220;||||false|false&#8220; global_colors_info=&#8220;{}&#8220;][et_pb_row column_structure=&#8220;1_2,1_2&#8243; make_equal=&#8220;on&#8220; _builder_version=&#8220;4.22.2&#8243; max_width=&#8220;1440px&#8220; custom_margin=&#8220;||70px|&#8220; global_colors_info=&#8220;{}&#8220;][et_pb_column type=&#8220;1_2&#8243; _builder_version=&#8220;4.16&#8243; custom_padding=&#8220;|||&#8220; global_colors_info=&#8220;{}&#8220; custom_padding__hover=&#8220;|||&#8220;][et_pb_video src=&#8220;https:\/\/youtu.be\/DegpF1cAmSQ&#8220; _builder_version=&#8220;4.24.2&#8243; _module_preset=&#8220;default&#8220; animation_style=&#8220;fade&#8220; global_colors_info=&#8220;{}&#8220;][\/et_pb_video][\/et_pb_column][et_pb_column type=&#8220;1_2&#8243; _builder_version=&#8220;4.22.2&#8243; custom_padding=&#8220;|||&#8220; custom_css_main_element=&#8220;margin: auto;&#8220; global_colors_info=&#8220;{}&#8220; custom_padding__hover=&#8220;|||&#8220;][et_pb_text _builder_version=&#8220;4.24.2&#8243; text_font=&#8220;Lato||||||||&#8220; text_text_color=&#8220;#898f99&#8243; text_line_height=&#8220;2em&#8220; header_font=&#8220;||||||||&#8220; header_2_font=&#8220;Lato||||||||&#8220; header_3_font=&#8220;Lato|700|||||||&#8220; header_3_line_height=&#8220;1.5em&#8220; custom_margin=&#8220;||||false|false&#8220; custom_padding=&#8220;||60px||false|false&#8220; hover_enabled=&#8220;0&#8243; global_colors_info=&#8220;{}&#8220; sticky_enabled=&#8220;0&#8243;]<\/p>\n<h3>Schutz von Ereignissen<\/h3>\n<p>Neben den klassischen Sicherheitsbereichen wie Video\u00fcberwachung, Zutrittskontrolle und Einbruchmeldeanlagen bieten wir auch Teile der Sicherheitsl\u00f6sungen f\u00fcr eine Reihe ausgew\u00e4hlter Partner in der Veranstaltungsbranche an.<\/p>\n<p>Eine davon ist die Vorbasse Grundejerforening, die jedes Jahr den gro\u00dfen <em>Vorbasse-Markt<\/em> organisiert, der zu einem Markt und einem Fest in der kleinen Stadt Vorbasse, s\u00fcdlich von Billund, einl\u00e4dt.<\/p>\n<p>[\/et_pb_text][\/et_pb_column][\/et_pb_row][et_pb_row column_structure=&#8220;1_2,1_2&#8243; make_equal=&#8220;on&#8220; _builder_version=&#8220;4.22.2&#8243; max_width=&#8220;1440px&#8220; custom_margin=&#8220;||70px|&#8220; global_colors_info=&#8220;{}&#8220;][et_pb_column type=&#8220;1_2&#8243; _builder_version=&#8220;4.16&#8243; custom_padding=&#8220;|||&#8220; global_colors_info=&#8220;{}&#8220; custom_padding__hover=&#8220;|||&#8220;][et_pb_text _builder_version=&#8220;4.22.2&#8243; text_font=&#8220;Lato||||||||&#8220; text_text_color=&#8220;#898f99&#8243; text_line_height=&#8220;2em&#8220; header_font=&#8220;||||||||&#8220; header_2_font=&#8220;Lato||||||||&#8220; header_3_font=&#8220;Lato|700|||||||&#8220; header_3_line_height=&#8220;1.5em&#8220; custom_margin=&#8220;||||false|false&#8220; custom_padding=&#8220;||60px||false|false&#8220; global_colors_info=&#8220;{}&#8220;]<\/p>\n<h3>Schutz vor Nebel<\/h3>\n<p>Nebelabwehr ist eine \u00e4u\u00dferst wirksame Methode zur Sicherung Ihrer Verm\u00f6genswerte. Eine oder mehrere Nebelkanonen werden an Ihre Alarmanlage angeschlossen. Im Falle eines Einbruchs werden die Nebelkanonen ausgel\u00f6st und f\u00fcllen den Raum in Sekundenschnelle mit einem dichten Nebel. Der Nebel macht es praktisch unm\u00f6glich, irgendetwas im Raum zu sehen, und wenn dann noch ein Stroboskoplicht und eine laute Sirene hinzukommen, ist es unm\u00f6glich, sich zu orientieren.<\/p>\n<p>Der Nebelschutz ist ein unglaublich wirksames Mittel, um Ihre Wertsachen zu sichern, wenn der Dieb erst einmal eingedrungen ist. Der Nebelschutz ist eine der innersten Sicherheitsschichten in Ihrer gesamten Sicherheitsl\u00f6sung, und das sehr effektiv, denn es ist f\u00fcr einen Dieb praktisch unm\u00f6glich, etwas zu stehlen, wenn der Raum mit Nebel gef\u00fcllt ist. Die Fl\u00fcssigkeit, aus der der Nebel erzeugt wird, wurde vom D\u00e4nischen Technologischen Institut getestet und ist unsch\u00e4dlich f\u00fcr Menschen, Tiere, Elektronik, M\u00f6bel usw.<\/p>\n<p>&nbsp;<\/p>\n<p>[\/et_pb_text][\/et_pb_column][et_pb_column type=&#8220;1_2&#8243; _builder_version=&#8220;4.22.2&#8243; custom_padding=&#8220;|||&#8220; custom_css_main_element=&#8220;margin: auto;&#8220; global_colors_info=&#8220;{}&#8220; custom_padding__hover=&#8220;|||&#8220;][et_pb_image src=&#8220;https:\/\/outscale.dk\/wp-content\/uploads\/2023\/10\/sikre-dit-hjem-mod-indbrud.jpg&#8220; title_text=&#8220;Sichern-Sie-Ihr-Haus-gegen-Einbr\u00fcche&#8220; show_bottom_space=&#8220;off&#8220; force_fullwidth=&#8220;on&#8220; align_tablet=&#8220;center&#8220; align_phone=&#8220;center&#8220; align_last_edited=&#8220;on|desktop&#8220; _builder_version=&#8220;4.22.2&#8243; custom_margin=&#8220;||||false|false&#8220; custom_padding=&#8220;20px|20px|20px|20px|false|false&#8220; animation_style=&#8220;fade&#8220; border_radii=&#8220;on|60px|60px|60px|60px&#8220; box_shadow_style=&#8220;preset1&#8243; box_shadow_blur=&#8220;40px&#8220; box_shadow_spread=&#8220;10px&#8220; locked=&#8220;off&#8220; global_colors_info=&#8220;{}&#8220;][\/et_pb_image][\/et_pb_column][\/et_pb_row][\/et_pb_section]<\/p>\n","protected":false},"excerpt":{"rendered":"<p>Sicherheitsl\u00f6sungen &nbsp; Bei OutScale haben wir 4 Hauptschwerpunkte unter der Kategorie &#8222;Sicherheitsl\u00f6sungen&#8220;. Wir tun dies, weil es uns die M\u00f6glichkeit gibt, absolute Spezialisten in diesen Bereichen zu sein und Ihnen die richtigen Ratschl\u00e4ge und L\u00f6sungen zu bieten. Nachfolgend k\u00f6nnen Sie sich \u00fcber einige der Optionen informieren, die wir f\u00fcr Sicherheitsl\u00f6sungen mit Alarmanlagen, Video\u00fcberwachung, Zugangskontrolle und [&hellip;]<\/p>\n","protected":false},"author":2,"featured_media":0,"parent":0,"menu_order":0,"comment_status":"closed","ping_status":"closed","template":"","meta":{"_et_pb_use_builder":"on","_et_pb_old_content":"","_et_gb_content_width":"","inline_featured_image":false,"footnotes":""},"folder":[],"class_list":["post-243244","page","type-page","status-publish","hentry"],"_links":{"self":[{"href":"https:\/\/outscale.dk\/de\/wp-json\/wp\/v2\/pages\/243244","targetHints":{"allow":["GET"]}}],"collection":[{"href":"https:\/\/outscale.dk\/de\/wp-json\/wp\/v2\/pages"}],"about":[{"href":"https:\/\/outscale.dk\/de\/wp-json\/wp\/v2\/types\/page"}],"author":[{"embeddable":true,"href":"https:\/\/outscale.dk\/de\/wp-json\/wp\/v2\/users\/2"}],"replies":[{"embeddable":true,"href":"https:\/\/outscale.dk\/de\/wp-json\/wp\/v2\/comments?post=243244"}],"version-history":[{"count":4,"href":"https:\/\/outscale.dk\/de\/wp-json\/wp\/v2\/pages\/243244\/revisions"}],"predecessor-version":[{"id":243576,"href":"https:\/\/outscale.dk\/de\/wp-json\/wp\/v2\/pages\/243244\/revisions\/243576"}],"wp:attachment":[{"href":"https:\/\/outscale.dk\/de\/wp-json\/wp\/v2\/media?parent=243244"}],"wp:term":[{"taxonomy":"folder","embeddable":true,"href":"https:\/\/outscale.dk\/de\/wp-json\/wp\/v2\/folder?post=243244"}],"curies":[{"name":"wp","href":"https:\/\/api.w.org\/{rel}","templated":true}]}}