{"id":243237,"date":"2023-10-22T18:48:15","date_gmt":"2023-10-22T16:48:15","guid":{"rendered":"https:\/\/stage.outscale.dk\/integrationsloesungen\/"},"modified":"2024-01-11T14:25:03","modified_gmt":"2024-01-11T13:25:03","slug":"integrationsloesungen","status":"publish","type":"page","link":"https:\/\/outscale.dk\/de\/integrationsloesungen\/","title":{"rendered":"Integrationsl\u00f6sungen"},"content":{"rendered":"<p>[et_pb_section fb_built=&#8220;1&#8243; custom_padding_last_edited=&#8220;on|phone&#8220; next_background_color=&#8220;#ffffff&#8220; admin_label=&#8220;Hero section&#8220; _builder_version=&#8220;4.23.1&#8243; use_background_color_gradient=&#8220;on&#8220; background_color_gradient_stops=&#8220;gcid-075eed47-f94b-4384-8788-0a4e1ee23a94 0%|gcid-b8f79f9a-d9c1-4119-9c56-620686091b1d 100%&#8220; background_color_gradient_overlays_image=&#8220;on&#8220; background_color_gradient_start=&#8220;rgba(150,105,97,0.67)&#8220; background_color_gradient_end=&#8220;rgba(2,0,76,0.84)&#8220; background_image=&#8220;https:\/\/outscale.dk\/wp-content\/uploads\/2023\/10\/outscale-integration-2-scaled.jpg&#8220; parallax=&#8220;on&#8220; z_index=&#8220;-500&#8243; min_height=&#8220;550px&#8220; min_height_tablet=&#8220;&#8220; min_height_phone=&#8220;&#8220; min_height_last_edited=&#8220;on|phone&#8220; custom_margin=&#8220;-100px||||false|false&#8220; custom_margin_tablet=&#8220;0px||0px||true|false&#8220; custom_margin_phone=&#8220;0px||0px||true|false&#8220; custom_margin_last_edited=&#8220;on|phone&#8220; custom_padding=&#8220;10%||15%||false|false&#8220; custom_padding_tablet=&#8220;||10%||false|false&#8220; custom_padding_phone=&#8220;||10%||false|false&#8220; bottom_divider_style=&#8220;curve2&#8243; bottom_divider_repeat=&#8220;1x&#8220; bottom_divider_style_tablet=&#8220;curve2&#8243; bottom_divider_style_phone=&#8220;none&#8220; bottom_divider_style_last_edited=&#8220;on|desktop&#8220; hover_enabled=&#8220;0&#8243; module_alignment_last_edited=&#8220;off|phone&#8220; global_colors_info=&#8220;{%22gcid-b8f79f9a-d9c1-4119-9c56-620686091b1d%22:%91%22background_color_gradient_stops%22%93,%22gcid-c63b5d83-3fbd-4df2-ad78-99af3c9d0869%22:%91%22background_color_gradient_stops%22%93,%22gcid-075eed47-f94b-4384-8788-0a4e1ee23a94%22:%91%22background_color_gradient_stops%22%93}&#8220; sticky_enabled=&#8220;0&#8243; border_color_all=&#8220;#FFFFFF&#8220;][et_pb_row _builder_version=&#8220;4.22.2&#8243; module_alignment=&#8220;center&#8220; custom_margin=&#8220;||||false|false&#8220; custom_margin_tablet=&#8220;60px||||false|false&#8220; custom_margin_phone=&#8220;110px||||false|false&#8220; custom_margin_last_edited=&#8220;on|phone&#8220; custom_padding=&#8220;||||false|false&#8220; global_colors_info=&#8220;{}&#8220;][et_pb_column type=&#8220;4_4&#8243; _builder_version=&#8220;4.22.2&#8243; custom_padding=&#8220;1px|||&#8220; global_colors_info=&#8220;{}&#8220; custom_padding__hover=&#8220;|||&#8220;][et_pb_text _builder_version=&#8220;4.22.2&#8243; _module_preset=&#8220;default&#8220; header_text_color=&#8220;#FFFFFF&#8220; header_2_text_color=&#8220;#FFFFFF&#8220; text_orientation=&#8220;center&#8220; custom_padding=&#8220;20px||20px||false|false&#8220; global_colors_info=&#8220;{}&#8220;]<\/p>\n<div class=\"elementor-element elementor-element-4b8b3d1f elementor-widget elementor-widget-heading\" data-id=\"4b8b3d1f\" data-element_type=\"widget\" data-widget_type=\"heading.default\">\n<div class=\"elementor-widget-container\">\n<h1 class=\"elementor-heading-title elementor-size-default\">Integrationsl\u00f6sungen<\/h1>\n<p>&nbsp;<\/p>\n<\/div>\n<\/div>\n<p>[\/et_pb_text][\/et_pb_column][\/et_pb_row][\/et_pb_section][et_pb_section fb_built=&#8220;1&#8243; custom_padding_last_edited=&#8220;on|desktop&#8220; _builder_version=&#8220;4.22.2&#8243; custom_padding=&#8220;54px|0px|0px|0px|false|false&#8220; custom_padding_tablet=&#8220;54px|0px|0px|0px|false|false&#8220; custom_padding_phone=&#8220;54px|0px|0px|0px|false|false&#8220; global_colors_info=&#8220;{}&#8220;][et_pb_row make_equal=&#8220;on&#8220; _builder_version=&#8220;4.22.2&#8243; background_enable_color=&#8220;off&#8220; background_size=&#8220;initial&#8220; background_position=&#8220;top_left&#8220; background_repeat=&#8220;repeat&#8220; width=&#8220;65%&#8220; width_tablet=&#8220;90%&#8220; width_phone=&#8220;90%&#8220; width_last_edited=&#8220;on|desktop&#8220; max_width=&#8220;1440px&#8220; custom_margin=&#8220;-10%||||false|false&#8220; custom_padding=&#8220;||||false|false&#8220; animation_style=&#8220;slide&#8220; animation_direction=&#8220;bottom&#8220; animation_intensity_slide=&#8220;6%&#8220; animation_starting_opacity=&#8220;100%&#8220; border_style_all=&#8220;none&#8220; use_custom_width=&#8220;on&#8220; custom_width_px=&#8220;1440px&#8220; global_colors_info=&#8220;{}&#8220;][et_pb_column type=&#8220;4_4&#8243; _builder_version=&#8220;4.22.2&#8243; _module_preset=&#8220;default&#8220; background_color=&#8220;#FFFFFF&#8220; custom_padding=&#8220;40px|20px|40px|20px|true|true&#8220; border_radii=&#8220;on|20px|20px|20px|20px&#8220; border_color_all=&#8220;#000000&#8243; box_shadow_style=&#8220;preset1&#8243; global_colors_info=&#8220;{}&#8220; custom_padding__hover=&#8220;|||&#8220;][et_pb_blurb title=&#8220;Wir sorgen daf\u00fcr, dass die Systeme miteinander sprechen&#8220; use_icon=&#8220;on&#8220; font_icon=&#8220;&#xe0f6;||divi||400&#8243; icon_color=&#8220;#ffffff&#8220; image_icon_background_color=&#8220;gcid-b8f79f9a-d9c1-4119-9c56-620686091b1d&#8220; image_icon_width=&#8220;40px&#8220; content_max_width=&#8220;90%&#8220; _builder_version=&#8220;4.22.2&#8243; header_level=&#8220;h3&#8243; header_font=&#8220;Lato|900||on|||||&#8220; header_font_size=&#8220;22px&#8220; header_letter_spacing=&#8220;1px&#8220; header_line_height=&#8220;1.4em&#8220; body_font=&#8220;Lato||||||||&#8220; body_text_color=&#8220;#898f99&#8243; body_line_height=&#8220;1.6em&#8220; image_icon_custom_padding=&#8220;25px|25px|25px|25px|false|false&#8220; text_orientation=&#8220;center&#8220; custom_margin=&#8220;0px||0px||false|false&#8220; custom_padding=&#8220;0px||0px||false|false&#8220; animation=&#8220;off&#8220; border_radii_image=&#8220;on|100%|100%|100%|100%&#8220; icon_font_size=&#8220;40px&#8220; use_circle=&#8220;on&#8220; circle_color=&#8220;#bdc1c9&#8243; global_colors_info=&#8220;{%22gcid-b8f79f9a-d9c1-4119-9c56-620686091b1d%22:%91%22image_icon_background_color%22%93}&#8220; image_icon_background_color__sticky_enabled=&#8220;#7EBEC5&#8243; image_icon_background_color__sticky=&#8220;#7EBEC5&#8243;]<\/p>\n<p>Systeme, die nicht miteinander sprechen, sind nicht nur ein \u00c4rgernis, sondern auch ein Hindernis in einem intelligenten System &#8211; und dessen sind wir uns bei OutScale sehr bewusst. Das ist einer der Gr\u00fcnde, warum wir uns darauf konzentrieren, Systeme miteinander kommunizieren zu lassen &#8211; um Sicherheitssysteme sowohl benutzerfreundlich als auch nutzbar zu machen.<\/p>\n<p>Auf dieser Seite finden Sie einige Beispiele f\u00fcr die von uns in der Vergangenheit durchgef\u00fchrten Integrationen. Allen gemeinsam ist, dass sie daf\u00fcr sorgen, dass z. B. Sicherheitssysteme miteinander kommunizieren und so sowohl die Benutzerfreundlichkeit als auch die Sicherheit Ihrer Anlagen gew\u00e4hrleisten. Wir k\u00fcmmern uns nicht nur um Anlagen an festen Standorten, sondern auch um Anlagen auf Baustellen und in tempor\u00e4ren oder mobilen Einrichtungen.<\/p>\n<p>[\/et_pb_blurb][\/et_pb_column][\/et_pb_row][\/et_pb_section][et_pb_section fb_built=&#8220;1&#8243; custom_padding_last_edited=&#8220;on|phone&#8220; admin_label=&#8220;About Section&#8220; _builder_version=&#8220;4.22.2&#8243; custom_padding=&#8220;0px|0px|100px|0px|false|false&#8220; custom_padding_tablet=&#8220;0px|0px|100px|0px|false|false&#8220; custom_padding_phone=&#8220;0px|0px|100px|0px|false|false&#8220; global_colors_info=&#8220;{}&#8220;][et_pb_row column_structure=&#8220;1_2,1_2&#8243; make_equal=&#8220;on&#8220; _builder_version=&#8220;4.22.2&#8243; max_width=&#8220;1440px&#8220; custom_margin=&#8220;||70px|&#8220; global_colors_info=&#8220;{}&#8220;][et_pb_column type=&#8220;1_2&#8243; _builder_version=&#8220;4.22.2&#8243; custom_padding=&#8220;|||&#8220; custom_css_main_element=&#8220;margin: auto;&#8220; global_colors_info=&#8220;{}&#8220; custom_padding__hover=&#8220;|||&#8220;][et_pb_text _builder_version=&#8220;4.22.2&#8243; text_font=&#8220;Lato||||||||&#8220; text_text_color=&#8220;#898f99&#8243; text_line_height=&#8220;2em&#8220; header_font=&#8220;||||||||&#8220; header_2_font=&#8220;Lato||||||||&#8220; header_3_font=&#8220;Lato|700|||||||&#8220; header_3_line_height=&#8220;1.5em&#8220; custom_margin=&#8220;||||false|false&#8220; global_colors_info=&#8220;{}&#8220;]<\/p>\n<h3>Technische Geb\u00e4udeausr\u00fcstung<\/h3>\n<p>Es ist eine gute Idee, Sicherheitssysteme mit anderen Systemen der Geb\u00e4udetechnik wie CTS, Beleuchtungssteuerung usw. zu integrieren. Die M\u00f6glichkeiten sind endlos und alle L\u00f6sungen werden auf die Bed\u00fcrfnisse des jeweiligen Geb\u00e4udes zugeschnitten. Ein Beispiel w\u00e4re eine Integration zwischen der Alarmanlage und dem CTS-System, wobei die PIR-Melder der Alarmanlage auch als Pr\u00e4senzmelder f\u00fcr das CTS-System verwendet werden. Auf diese Weise m\u00fcssen nicht in jedem Raum zus\u00e4tzliche PIR-Melder f\u00fcr das CTS-System installiert werden.<\/p>\n<p>Ein weiteres Beispiel w\u00e4re die Integration der Alarmanlage, des CTS-Systems und der Beleuchtungssteuerung, so dass die Beleuchtung automatisch ausgeschaltet wird, wenn der Alarm ausgel\u00f6st wird, und das CTS-System die Bel\u00fcftung und Heizung\/K\u00fchlung reduziert, wenn der Alarm ausgel\u00f6st wird.<\/p>\n<p>[\/et_pb_text][\/et_pb_column][et_pb_column type=&#8220;1_2&#8243; _builder_version=&#8220;4.22.2&#8243; custom_padding=&#8220;|||&#8220; custom_css_main_element=&#8220;margin: auto;&#8220; global_colors_info=&#8220;{}&#8220; custom_padding__hover=&#8220;|||&#8220;][et_pb_image src=&#8220;https:\/\/outscale.dk\/wp-content\/uploads\/2023\/10\/outscale-byggeteknisk.jpg&#8220; title_text=&#8220;outscale Bauwesen&#8220; show_bottom_space=&#8220;off&#8220; force_fullwidth=&#8220;on&#8220; align_tablet=&#8220;center&#8220; align_phone=&#8220;center&#8220; align_last_edited=&#8220;on|desktop&#8220; _builder_version=&#8220;4.22.2&#8243; custom_margin=&#8220;||||false|false&#8220; custom_padding=&#8220;20px|20px|20px|20px|false|false&#8220; animation_style=&#8220;fade&#8220; border_radii=&#8220;on|60px|60px|60px|60px&#8220; box_shadow_style=&#8220;preset1&#8243; box_shadow_blur=&#8220;40px&#8220; box_shadow_spread=&#8220;10px&#8220; locked=&#8220;off&#8220; global_colors_info=&#8220;{}&#8220;][\/et_pb_image][\/et_pb_column][\/et_pb_row][\/et_pb_section][et_pb_section fb_built=&#8220;1&#8243; prev_background_color=&#8220;#ffffff&#8220; admin_label=&#8220;About Section&#8220; _builder_version=&#8220;4.22.2&#8243; background_color=&#8220;gcid-d0019d06-2fb0-4bd9-901a-6380462bc007&#8243; custom_margin=&#8220;0px||0px||false|false&#8220; custom_padding=&#8220;100px|0px|0px|0px||&#8220; top_divider_style=&#8220;ramp&#8220; global_colors_info=&#8220;{%22gcid-d0019d06-2fb0-4bd9-901a-6380462bc007%22:%91%22background_color%22%93}&#8220;][et_pb_row column_structure=&#8220;1_2,1_2&#8243; make_equal=&#8220;on&#8220; _builder_version=&#8220;4.22.2&#8243; max_width=&#8220;1440px&#8220; custom_margin=&#8220;||0px||false|false&#8220; global_colors_info=&#8220;{}&#8220;][et_pb_column type=&#8220;1_2&#8243; _builder_version=&#8220;4.22.2&#8243; custom_padding=&#8220;|||&#8220; custom_css_main_element=&#8220;margin: auto;&#8220; global_colors_info=&#8220;{}&#8220; custom_padding__hover=&#8220;|||&#8220;][et_pb_image src=&#8220;https:\/\/outscale.dk\/wp-content\/uploads\/2023\/10\/outscale-brugerstyring-scaled.jpg&#8220; title_text=&#8220;Outscale-Benutzerverwaltung&#8220; show_bottom_space=&#8220;off&#8220; force_fullwidth=&#8220;on&#8220; align_tablet=&#8220;center&#8220; align_phone=&#8220;center&#8220; align_last_edited=&#8220;on|desktop&#8220; _builder_version=&#8220;4.22.2&#8243; custom_margin=&#8220;||||false|false&#8220; custom_padding=&#8220;20px|20px|20px|20px|false|false&#8220; animation_style=&#8220;fade&#8220; border_radii=&#8220;on|60px|60px|60px|60px&#8220; box_shadow_style=&#8220;preset1&#8243; box_shadow_blur=&#8220;40px&#8220; box_shadow_spread=&#8220;10px&#8220; locked=&#8220;off&#8220; global_colors_info=&#8220;{}&#8220;][\/et_pb_image][\/et_pb_column][et_pb_column type=&#8220;1_2&#8243; _builder_version=&#8220;4.22.2&#8243; custom_padding=&#8220;|||&#8220; custom_css_main_element=&#8220;margin: auto;&#8220; global_colors_info=&#8220;{}&#8220; custom_padding__hover=&#8220;|||&#8220;][et_pb_text _builder_version=&#8220;4.22.2&#8243; text_font=&#8220;Lato||||||||&#8220; text_text_color=&#8220;#898f99&#8243; text_line_height=&#8220;2em&#8220; header_font=&#8220;||||||||&#8220; header_2_font=&#8220;Lato||||||||&#8220; header_3_font=&#8220;Lato|700|||||||&#8220; header_3_line_height=&#8220;1.5em&#8220; custom_margin=&#8220;||||false|false&#8220; global_colors_info=&#8220;{}&#8220;]<\/p>\n<h3>Plattform\u00fcbergreifende Benutzerverwaltung<\/h3>\n<p>Die einheitliche Benutzerverwaltung kann auf zwei Arten oder in einer Kombination aus beiden erfolgen:<\/p>\n<ul>\n<li>Verwaltung von Benutzern an mehreren Standorten (Multisite)<\/li>\n<li>Verwaltung von Benutzern auf verschiedenen Systemen am selben Standort (plattform\u00fcbergreifend)<\/li>\n<\/ul>\n<p>Beides hat den Vorteil, dass der Verwaltungsaufwand erheblich reduziert wird und Zeit f\u00fcr die Erstellung, \u00c4nderung und Untersuchung von Vorf\u00e4llen eingespart wird. Es gibt jedoch auch einige individuelle Vorteile der beiden L\u00f6sungen:<\/p>\n<p>Mit der Multisite-L\u00f6sung k\u00f6nnen Unternehmen mit mehreren Standorten vermeiden, dass sie an jedem Standort, zu dem ein Benutzer Zugang ben\u00f6tigt, einen neuen Benutzer anlegen m\u00fcssen. Der Benutzer wird automatisch standort\u00fcbergreifend synchronisiert, je nach den Zugriffsrechten des Benutzers.<\/p>\n<p>Die Crossplatform-L\u00f6sung erm\u00f6glicht es Ihnen, Benutzer \u00fcber verschiedene Systeme hinweg zu synchronisieren, z. B. Zugangskontrolle, Alarmanlage, Video\u00fcberwachung und das IT-System des Unternehmens.<\/p>\n<p>Die M\u00f6glichkeiten sind endlos, die einzige Grenze ist Ihre Fantasie.<\/p>\n<p>[\/et_pb_text][\/et_pb_column][\/et_pb_row][\/et_pb_section][et_pb_section fb_built=&#8220;1&#8243; next_background_color=&#8220;#ffffff&#8220; admin_label=&#8220;About Section&#8220; _builder_version=&#8220;4.22.2&#8243; background_color=&#8220;gcid-d0019d06-2fb0-4bd9-901a-6380462bc007&#8243; custom_margin=&#8220;0px||||false|false&#8220; custom_padding=&#8220;|0px|100px|0px|false|false&#8220; bottom_divider_style=&#8220;ramp&#8220; bottom_divider_flip=&#8220;horizontal&#8220; global_colors_info=&#8220;{%22gcid-d0019d06-2fb0-4bd9-901a-6380462bc007%22:%91%22background_color%22%93}&#8220;][et_pb_row column_structure=&#8220;1_2,1_2&#8243; make_equal=&#8220;on&#8220; _builder_version=&#8220;4.22.2&#8243; max_width=&#8220;1440px&#8220; custom_margin=&#8220;||70px||false|false&#8220; custom_padding=&#8220;||||false|false&#8220; global_colors_info=&#8220;{}&#8220;][et_pb_column type=&#8220;1_2&#8243; _builder_version=&#8220;4.22.2&#8243; custom_padding=&#8220;|||&#8220; custom_css_main_element=&#8220;margin: auto;&#8220; global_colors_info=&#8220;{}&#8220; custom_padding__hover=&#8220;|||&#8220;][et_pb_text _builder_version=&#8220;4.22.2&#8243; text_font=&#8220;Lato||||||||&#8220; text_text_color=&#8220;#898f99&#8243; text_line_height=&#8220;2em&#8220; header_font=&#8220;||||||||&#8220; header_2_font=&#8220;Lato||||||||&#8220; header_3_font=&#8220;Lato|700|||||||&#8220; header_3_line_height=&#8220;1.5em&#8220; custom_margin=&#8220;||||false|false&#8220; global_colors_info=&#8220;{}&#8220;]<\/p>\n<h3>Zugangskontrolle mit Nummernschildern<\/h3>\n<p><span style=\"font-size: 18px;\">Ein gutes Beispiel f\u00fcr eine plattform\u00fcbergreifende L\u00f6sung ist die Zugangskontrolle in Kombination mit einem Kennzeichenerkennungssystem &#8211; auf diese Weise k\u00f6nnen Sie Ihr Gel\u00e4nde sichern und nur den richtigen Fahrzeugen den Zugang zum Gel\u00e4nde gestatten oder Sie werden gewarnt, wenn bestimmte Fahrzeuge einen bestimmten Bereich Ihres Grundst\u00fccks befahren.<\/span><span style=\"font-size: 18px;\"> <\/span><\/p>\n<p>[\/et_pb_text][\/et_pb_column][et_pb_column type=&#8220;1_2&#8243; _builder_version=&#8220;4.16&#8243; custom_padding=&#8220;|||&#8220; global_colors_info=&#8220;{}&#8220; custom_padding__hover=&#8220;|||&#8220;][et_pb_image src=&#8220;https:\/\/outscale.dk\/wp-content\/uploads\/2023\/10\/Outscale-LPR-scaled.jpg&#8220; title_text=&#8220;Au\u00dfenskala LPR&#8220; show_bottom_space=&#8220;off&#8220; force_fullwidth=&#8220;on&#8220; align_tablet=&#8220;center&#8220; align_phone=&#8220;center&#8220; align_last_edited=&#8220;on|desktop&#8220; _builder_version=&#8220;4.22.2&#8243; custom_margin=&#8220;||||false|false&#8220; custom_padding=&#8220;20px|20px|90px|20px|false|false&#8220; custom_padding_tablet=&#8220;20px|20px|80px|20px|false|false&#8220; custom_padding_phone=&#8220;20px|20px|80px|20px|false|false&#8220; custom_padding_last_edited=&#8220;on|phone&#8220; animation_style=&#8220;fade&#8220; border_radii=&#8220;on|60px|60px|60px|60px&#8220; box_shadow_style=&#8220;preset1&#8243; box_shadow_blur=&#8220;40px&#8220; box_shadow_spread=&#8220;10px&#8220; locked=&#8220;off&#8220; global_colors_info=&#8220;{}&#8220;][\/et_pb_image][\/et_pb_column][\/et_pb_row][\/et_pb_section][et_pb_section fb_built=&#8220;1&#8243; admin_label=&#8220;About Section&#8220; _builder_version=&#8220;4.22.2&#8243; custom_margin=&#8220;0px||100px||false|false&#8220; custom_margin_tablet=&#8220;||50px||false|false&#8220; custom_margin_phone=&#8220;||50px||false|false&#8220; custom_margin_last_edited=&#8220;on|phone&#8220; custom_padding=&#8220;100px|0px|100px|0px&#8220; global_colors_info=&#8220;{}&#8220;][et_pb_row column_structure=&#8220;1_2,1_2&#8243; make_equal=&#8220;on&#8220; _builder_version=&#8220;4.22.2&#8243; max_width=&#8220;1440px&#8220; custom_margin=&#8220;||70px|&#8220; global_colors_info=&#8220;{}&#8220;][et_pb_column type=&#8220;1_2&#8243; _builder_version=&#8220;4.22.2&#8243; custom_padding=&#8220;|||&#8220; custom_css_main_element=&#8220;margin: auto;&#8220; global_colors_info=&#8220;{}&#8220; custom_padding__hover=&#8220;|||&#8220;][et_pb_image src=&#8220;https:\/\/outscale.dk\/wp-content\/uploads\/2023\/10\/Outscale-generelle-2-scaled.jpg&#8220; title_text=&#8220;Au\u00dfenskala allgemein 2&#8243; show_bottom_space=&#8220;off&#8220; force_fullwidth=&#8220;on&#8220; align_tablet=&#8220;center&#8220; align_phone=&#8220;center&#8220; align_last_edited=&#8220;on|desktop&#8220; _builder_version=&#8220;4.22.2&#8243; custom_margin=&#8220;||||false|false&#8220; custom_padding=&#8220;20px|20px|20px|20px|false|false&#8220; animation_style=&#8220;fade&#8220; border_radii=&#8220;on|60px|60px|60px|60px&#8220; box_shadow_style=&#8220;preset1&#8243; box_shadow_blur=&#8220;40px&#8220; box_shadow_spread=&#8220;10px&#8220; locked=&#8220;off&#8220; global_colors_info=&#8220;{}&#8220;][\/et_pb_image][\/et_pb_column][et_pb_column type=&#8220;1_2&#8243; _builder_version=&#8220;4.22.2&#8243; custom_padding=&#8220;|||&#8220; custom_css_main_element=&#8220;margin: auto;&#8220; global_colors_info=&#8220;{}&#8220; custom_padding__hover=&#8220;|||&#8220;][et_pb_text _builder_version=&#8220;4.22.2&#8243; text_font=&#8220;Lato||||||||&#8220; text_text_color=&#8220;#898f99&#8243; text_line_height=&#8220;2em&#8220; header_font=&#8220;||||||||&#8220; header_2_font=&#8220;Lato||||||||&#8220; header_3_font=&#8220;Lato|700|||||||&#8220; header_3_line_height=&#8220;1.5em&#8220; custom_margin=&#8220;||||false|false&#8220; global_colors_info=&#8220;{}&#8220;]<\/p>\n<h3>Allgemeine Integrationen mit Stellwerkssystemen<\/h3>\n<p>Au\u00dferdem gibt es eine Vielzahl von Integrationsm\u00f6glichkeiten zwischen Schleusen und anderen Systemen. Eine der h\u00e4ufigsten L\u00f6sungen, die wir anbieten, ist die Integration von Zutrittskontrolle\/Alarmanlage und Buchungssystem. Es kann ein Buchungssystem f\u00fcr Tagungsr\u00e4ume, Hotels, Paddle-Tenniszentren usw. sein. Mit einer solchen Integration kann das Buchungssystem unter anderem Codes in den Alarm- und Zutrittskontrollsystemen erstellen und l\u00f6schen sowie Ereignisse zur\u00fcckerhalten, wenn z. B. T\u00fcren ge\u00f6ffnet werden. Es ist auch m\u00f6glich, andere Dinge zu steuern, wie z. B. die Beleuchtung oder die Heizung, und Statusmeldungen von anderen Systemen zu erfassen.<\/p>\n<p>Es gibt viele weitere Integrationsm\u00f6glichkeiten, darunter:<\/p>\n<ul>\n<li>Integration mit Windows Active Directory f\u00fcr die Benutzerverwaltung \u00fcber ein bestehendes IT-System.<\/li>\n<li>Integration mit Video\u00fcberwachungssoftware, um u. a. die Ermittlungen zu erleichtern.<\/li>\n<li>Integration mit internen Intranetsystemen f\u00fcr eine einfachere Benutzerverwaltung.<\/li>\n<li>Integration mit Kartendruckersystemen f\u00fcr die Produktion von ID-Karten und gleichzeitige Benutzerverwaltung.<\/li>\n<\/ul>\n<p>&nbsp;<\/p>\n<p>[\/et_pb_text][\/et_pb_column][\/et_pb_row][\/et_pb_section]<\/p>\n","protected":false},"excerpt":{"rendered":"<p>Integrationsl\u00f6sungen &nbsp; Systeme, die nicht miteinander sprechen, sind nicht nur ein \u00c4rgernis, sondern auch ein Hindernis in einem intelligenten System &#8211; und dessen sind wir uns bei OutScale sehr bewusst. Das ist einer der Gr\u00fcnde, warum wir uns darauf konzentrieren, Systeme miteinander kommunizieren zu lassen &#8211; um Sicherheitssysteme sowohl benutzerfreundlich als auch nutzbar zu machen. [&hellip;]<\/p>\n","protected":false},"author":2,"featured_media":0,"parent":0,"menu_order":0,"comment_status":"closed","ping_status":"closed","template":"","meta":{"_et_pb_use_builder":"on","_et_pb_old_content":"","_et_gb_content_width":"","inline_featured_image":false,"footnotes":""},"folder":[],"class_list":["post-243237","page","type-page","status-publish","hentry"],"_links":{"self":[{"href":"https:\/\/outscale.dk\/de\/wp-json\/wp\/v2\/pages\/243237","targetHints":{"allow":["GET"]}}],"collection":[{"href":"https:\/\/outscale.dk\/de\/wp-json\/wp\/v2\/pages"}],"about":[{"href":"https:\/\/outscale.dk\/de\/wp-json\/wp\/v2\/types\/page"}],"author":[{"embeddable":true,"href":"https:\/\/outscale.dk\/de\/wp-json\/wp\/v2\/users\/2"}],"replies":[{"embeddable":true,"href":"https:\/\/outscale.dk\/de\/wp-json\/wp\/v2\/comments?post=243237"}],"version-history":[{"count":4,"href":"https:\/\/outscale.dk\/de\/wp-json\/wp\/v2\/pages\/243237\/revisions"}],"predecessor-version":[{"id":243242,"href":"https:\/\/outscale.dk\/de\/wp-json\/wp\/v2\/pages\/243237\/revisions\/243242"}],"wp:attachment":[{"href":"https:\/\/outscale.dk\/de\/wp-json\/wp\/v2\/media?parent=243237"}],"wp:term":[{"taxonomy":"folder","embeddable":true,"href":"https:\/\/outscale.dk\/de\/wp-json\/wp\/v2\/folder?post=243237"}],"curies":[{"name":"wp","href":"https:\/\/api.w.org\/{rel}","templated":true}]}}