{"id":243231,"date":"2023-10-22T18:43:43","date_gmt":"2023-10-22T16:43:43","guid":{"rendered":"https:\/\/stage.outscale.dk\/kontakt\/"},"modified":"2024-04-10T09:48:24","modified_gmt":"2024-04-10T07:48:24","slug":"kontakt","status":"publish","type":"page","link":"https:\/\/outscale.dk\/de\/kontakt\/","title":{"rendered":"Kontakt"},"content":{"rendered":"<p>[et_pb_section fb_built=&#8220;1&#8243; custom_padding_last_edited=&#8220;on|phone&#8220; next_background_color=&#8220;#ffffff&#8220; admin_label=&#8220;Hero section&#8220; _builder_version=&#8220;4.23.1&#8243; use_background_color_gradient=&#8220;on&#8220; background_color_gradient_stops=&#8220;gcid-075eed47-f94b-4384-8788-0a4e1ee23a94 0%|gcid-b8f79f9a-d9c1-4119-9c56-620686091b1d 100%&#8220; background_color_gradient_overlays_image=&#8220;on&#8220; background_color_gradient_start=&#8220;rgba(150,105,97,0.67)&#8220; background_color_gradient_end=&#8220;rgba(2,0,76,0.84)&#8220; background_image=&#8220;https:\/\/outscale.dk\/wp-content\/uploads\/2023\/10\/outscale-krydsfelt-contact-cropped-scaled.jpg&#8220; parallax=&#8220;on&#8220; z_index=&#8220;-500&#8243; min_height=&#8220;550px&#8220; min_height_tablet=&#8220;&#8220; min_height_phone=&#8220;&#8220; min_height_last_edited=&#8220;on|phone&#8220; custom_margin=&#8220;-100px||||false|false&#8220; custom_margin_tablet=&#8220;0px||0px||true|false&#8220; custom_margin_phone=&#8220;0px||0px||true|false&#8220; custom_margin_last_edited=&#8220;on|phone&#8220; custom_padding=&#8220;10%||15%||false|false&#8220; custom_padding_tablet=&#8220;||10%||false|false&#8220; custom_padding_phone=&#8220;10%||10%||false|false&#8220; bottom_divider_style=&#8220;curve2&#8243; bottom_divider_repeat=&#8220;1x&#8220; bottom_divider_style_tablet=&#8220;curve2&#8243; bottom_divider_style_phone=&#8220;none&#8220; bottom_divider_style_last_edited=&#8220;on|desktop&#8220; module_alignment_last_edited=&#8220;off|phone&#8220; global_colors_info=&#8220;{%22gcid-b8f79f9a-d9c1-4119-9c56-620686091b1d%22:%91%22background_color_gradient_stops%22%93,%22gcid-c63b5d83-3fbd-4df2-ad78-99af3c9d0869%22:%91%22background_color_gradient_stops%22%93,%22gcid-075eed47-f94b-4384-8788-0a4e1ee23a94%22:%91%22background_color_gradient_stops%22%93}&#8220;][et_pb_row _builder_version=&#8220;4.22.2&#8243; module_alignment=&#8220;center&#8220; custom_margin=&#8220;||||false|false&#8220; custom_margin_tablet=&#8220;60px||||false|false&#8220; custom_margin_phone=&#8220;110px||||false|false&#8220; custom_margin_last_edited=&#8220;on|phone&#8220; custom_padding=&#8220;||||false|false&#8220; global_colors_info=&#8220;{}&#8220;][et_pb_column type=&#8220;4_4&#8243; _builder_version=&#8220;4.22.2&#8243; custom_padding=&#8220;1px|||&#8220; global_colors_info=&#8220;{}&#8220; custom_padding__hover=&#8220;|||&#8220;][et_pb_text _builder_version=&#8220;4.22.2&#8243; _module_preset=&#8220;default&#8220; header_text_color=&#8220;#FFFFFF&#8220; header_2_text_color=&#8220;#FFFFFF&#8220; text_orientation=&#8220;center&#8220; custom_padding=&#8220;20px||20px||false|false&#8220; global_colors_info=&#8220;{}&#8220;]<\/p>\n<div class=\"elementor-element elementor-element-4b8b3d1f elementor-widget elementor-widget-heading\" data-id=\"4b8b3d1f\" data-element_type=\"widget\" data-widget_type=\"heading.default\">\n<div class=\"elementor-widget-container\">\n<h1 class=\"elementor-heading-title elementor-size-default\">Haben Sie noch Fragen?<\/h1>\n<p>&nbsp;<\/p>\n<\/div>\n<\/div>\n<p>[\/et_pb_text][\/et_pb_column][\/et_pb_row][\/et_pb_section][et_pb_section fb_built=&#8220;1&#8243; custom_padding_last_edited=&#8220;on|desktop&#8220; _builder_version=&#8220;4.22.2&#8243; custom_padding=&#8220;54px|0px|0px|0px|false|false&#8220; custom_padding_tablet=&#8220;54px|0px|0px|0px|false|false&#8220; custom_padding_phone=&#8220;54px|0px|0px|0px|false|false&#8220; global_colors_info=&#8220;{}&#8220;][et_pb_row make_equal=&#8220;on&#8220; _builder_version=&#8220;4.22.2&#8243; background_enable_color=&#8220;off&#8220; background_size=&#8220;initial&#8220; background_position=&#8220;top_left&#8220; background_repeat=&#8220;repeat&#8220; width=&#8220;65%&#8220; width_tablet=&#8220;90%&#8220; width_phone=&#8220;90%&#8220; width_last_edited=&#8220;on|desktop&#8220; max_width=&#8220;1440px&#8220; custom_margin=&#8220;-10%||||false|false&#8220; custom_padding=&#8220;||||false|false&#8220; animation_style=&#8220;slide&#8220; animation_direction=&#8220;bottom&#8220; animation_intensity_slide=&#8220;6%&#8220; animation_starting_opacity=&#8220;100%&#8220; border_style_all=&#8220;none&#8220; use_custom_width=&#8220;on&#8220; custom_width_px=&#8220;1440px&#8220; global_colors_info=&#8220;{}&#8220;][et_pb_column type=&#8220;4_4&#8243; _builder_version=&#8220;4.22.2&#8243; _module_preset=&#8220;default&#8220; background_color=&#8220;#FFFFFF&#8220; custom_padding=&#8220;40px|20px|40px|20px|true|true&#8220; border_radii=&#8220;on|20px|20px|20px|20px&#8220; border_color_all=&#8220;#000000&#8243; box_shadow_style=&#8220;preset1&#8243; global_colors_info=&#8220;{}&#8220; custom_padding__hover=&#8220;|||&#8220;][et_pb_blurb use_icon=&#8220;on&#8220; font_icon=&#8220;&#xe090;||divi||400&#8243; icon_color=&#8220;#ffffff&#8220; image_icon_background_color=&#8220;gcid-b8f79f9a-d9c1-4119-9c56-620686091b1d&#8220; image_icon_width=&#8220;40px&#8220; content_max_width=&#8220;90%&#8220; _builder_version=&#8220;4.22.2&#8243; header_font=&#8220;||||||||&#8220; body_font=&#8220;Lato||||||||&#8220; body_text_color=&#8220;#898f99&#8243; body_line_height=&#8220;1.6em&#8220; image_icon_custom_padding=&#8220;25px|25px|25px|25px|false|false&#8220; text_orientation=&#8220;center&#8220; custom_margin=&#8220;||||false|false&#8220; animation=&#8220;off&#8220; border_radii_image=&#8220;on|100%|100%|100%|100%&#8220; icon_font_size=&#8220;40px&#8220; use_circle=&#8220;on&#8220; circle_color=&#8220;#bdc1c9&#8243; global_colors_info=&#8220;{%22gcid-b8f79f9a-d9c1-4119-9c56-620686091b1d%22:%91%22image_icon_background_color%22%93}&#8220; image_icon_background_color__sticky_enabled=&#8220;#7EBEC5&#8243; image_icon_background_color__sticky=&#8220;#7EBEC5&#8243;]<\/p>\n<h2>Nehmen Sie Kontakt mit uns auf!<br \/>Wir w\u00fcrden gerne mehr \u00fcber Ihr Projekt erfahren<\/h2>\n<p>[\/et_pb_blurb][\/et_pb_column][\/et_pb_row][\/et_pb_section][et_pb_section fb_built=&#8220;1&#8243; admin_label=&#8220;About Section&#8220; _builder_version=&#8220;4.22.2&#8243; custom_margin=&#8220;0px||||false|false&#8220; custom_padding=&#8220;|0px|100px|0px|false|false&#8220; global_colors_info=&#8220;{}&#8220;][et_pb_row column_structure=&#8220;1_3,2_3&#8243; make_equal=&#8220;on&#8220; _builder_version=&#8220;4.22.2&#8243; max_width=&#8220;1000px&#8220; custom_margin=&#8220;||70px|&#8220; global_colors_info=&#8220;{}&#8220;][et_pb_column type=&#8220;1_3&#8243; _builder_version=&#8220;4.22.2&#8243; custom_padding=&#8220;|||&#8220; custom_css_main_element=&#8220;margin: auto;&#8220; global_colors_info=&#8220;{}&#8220; custom_padding__hover=&#8220;|||&#8220;][et_pb_text _builder_version=&#8220;4.23.4&#8243; _module_preset=&#8220;default&#8220; global_colors_info=&#8220;{}&#8220;]<\/p>\n<p>F\u00fcllen Sie das Kontaktformular aus und wir werden uns so schnell wie m\u00f6glich mit Ihnen in Verbindung setzen. Sie k\u00f6nnen uns auch w\u00e4hrend der unten aufgef\u00fchrten \u00d6ffnungszeiten anrufen.<\/p>\n<p>Wenn Sie bereits Kunde sind, haben wir nat\u00fcrlich einen 24-Stunden-Bereitschaftsdienst, falls Sie Probleme mit einem Ihrer Systeme haben.<\/p>\n<p>Montag &#8211; Donnerstag: 8 &#8211; 16 Uhr<br \/>Freitag: 8 &#8211; 14<br \/>Samstag und Sonntag: Geschlossen<\/p>\n<p><strong>+45 69 69 13 23<\/strong><\/p>\n<p>[\/et_pb_text][\/et_pb_column][et_pb_column type=&#8220;2_3&#8243; _builder_version=&#8220;4.22.2&#8243; background_color=&#8220;#FFFFFF&#8220; custom_padding=&#8220;40px|20px|40px|20px|true|true&#8220; border_radii=&#8220;on|20px|20px|20px|20px&#8220; border_color_all=&#8220;#000000&#8243; box_shadow_style=&#8220;preset1&#8243; global_colors_info=&#8220;{}&#8220; custom_padding__hover=&#8220;|||&#8220;][et_pb_contact_form use_spam_service=&#8220;on&#8220; recaptcha_list=&#8220;OutScale|OutScale-0&#8243; email=&#8220;Konto@outscale.dk&#8220; title=&#8220;Senden Sie uns eine Nachricht&#8220; custom_message=&#8220;Der er ny besked fra hjemmesiden &#8211; beskeden kommer fra den tyske side||et_pb_line_break_holder||||et_pb_line_break_holder||%%Name%%||et_pb_line_break_holder||%%Email%%||et_pb_line_break_holder||%%Phone%%||et_pb_line_break_holder||%%Message%%||et_pb_line_break_holder||||et_pb_line_break_holder||Dies war eine Service-Ank\u00fcndigung von Ihrem freundlichen Website-Helfer, Heinrich.&#8220; success_message=&#8220;Wir haben Ihre Nachricht erhalten und werden uns so schnell wie m\u00f6glich bei Ihnen melden.&#8220; submit_button_text=&#8220;Senden Sie&#8220; _builder_version=&#8220;4.24.2&#8243; _module_preset=&#8220;default&#8220; _unique_id=&#8220;70f38f18-ebaa-4611-b36a-56f29a3c876c&#8220; hover_enabled=&#8220;0&#8243; global_colors_info=&#8220;{}&#8220; sticky_enabled=&#8220;0&#8243;][et_pb_contact_field field_id=&#8220;Name&#8220; field_title=&#8220;Ihr Name&#8220; _builder_version=&#8220;4.16&#8243; global_colors_info=&#8220;{}&#8220; button_text_size__hover_enabled=&#8220;off&#8220; button_one_text_size__hover_enabled=&#8220;off&#8220; button_two_text_size__hover_enabled=&#8220;off&#8220; button_text_color__hover_enabled=&#8220;off&#8220; button_one_text_color__hover_enabled=&#8220;off&#8220; button_two_text_color__hover_enabled=&#8220;off&#8220; button_border_width__hover_enabled=&#8220;off&#8220; button_one_border_width__hover_enabled=&#8220;off&#8220; button_two_border_width__hover_enabled=&#8220;off&#8220; button_border_color__hover_enabled=&#8220;off&#8220; button_one_border_color__hover_enabled=&#8220;off&#8220; button_two_border_color__hover_enabled=&#8220;off&#8220; button_border_radius__hover_enabled=&#8220;off&#8220; button_one_border_radius__hover_enabled=&#8220;off&#8220; button_two_border_radius__hover_enabled=&#8220;off&#8220; button_letter_spacing__hover_enabled=&#8220;off&#8220; button_one_letter_spacing__hover_enabled=&#8220;off&#8220; button_two_letter_spacing__hover_enabled=&#8220;off&#8220; button_bg_color__hover_enabled=&#8220;off&#8220; button_one_bg_color__hover_enabled=&#8220;off&#8220; button_two_bg_color__hover_enabled=&#8220;off&#8220;][\/et_pb_contact_field][et_pb_contact_field field_id=&#8220;Email&#8220; field_title=&#8220;E-Mail Adresse&#8220; field_type=&#8220;email&#8220; _builder_version=&#8220;4.16&#8243; global_colors_info=&#8220;{}&#8220; button_text_size__hover_enabled=&#8220;off&#8220; button_one_text_size__hover_enabled=&#8220;off&#8220; button_two_text_size__hover_enabled=&#8220;off&#8220; button_text_color__hover_enabled=&#8220;off&#8220; button_one_text_color__hover_enabled=&#8220;off&#8220; button_two_text_color__hover_enabled=&#8220;off&#8220; button_border_width__hover_enabled=&#8220;off&#8220; button_one_border_width__hover_enabled=&#8220;off&#8220; button_two_border_width__hover_enabled=&#8220;off&#8220; button_border_color__hover_enabled=&#8220;off&#8220; button_one_border_color__hover_enabled=&#8220;off&#8220; button_two_border_color__hover_enabled=&#8220;off&#8220; button_border_radius__hover_enabled=&#8220;off&#8220; button_one_border_radius__hover_enabled=&#8220;off&#8220; button_two_border_radius__hover_enabled=&#8220;off&#8220; button_letter_spacing__hover_enabled=&#8220;off&#8220; button_one_letter_spacing__hover_enabled=&#8220;off&#8220; button_two_letter_spacing__hover_enabled=&#8220;off&#8220; button_bg_color__hover_enabled=&#8220;off&#8220; button_one_bg_color__hover_enabled=&#8220;off&#8220; button_two_bg_color__hover_enabled=&#8220;off&#8220;][\/et_pb_contact_field][et_pb_contact_field field_id=&#8220;Message&#8220; field_title=&#8220;Nachricht&#8220; field_type=&#8220;text&#8220; fullwidth_field=&#8220;on&#8220; _builder_version=&#8220;4.24.2&#8243; hover_enabled=&#8220;0&#8243; global_colors_info=&#8220;{}&#8220; button_text_size__hover_enabled=&#8220;off&#8220; button_one_text_size__hover_enabled=&#8220;off&#8220; button_two_text_size__hover_enabled=&#8220;off&#8220; button_text_color__hover_enabled=&#8220;off&#8220; button_one_text_color__hover_enabled=&#8220;off&#8220; button_two_text_color__hover_enabled=&#8220;off&#8220; button_border_width__hover_enabled=&#8220;off&#8220; button_one_border_width__hover_enabled=&#8220;off&#8220; button_two_border_width__hover_enabled=&#8220;off&#8220; button_border_color__hover_enabled=&#8220;off&#8220; button_one_border_color__hover_enabled=&#8220;off&#8220; button_two_border_color__hover_enabled=&#8220;off&#8220; button_border_radius__hover_enabled=&#8220;off&#8220; button_one_border_radius__hover_enabled=&#8220;off&#8220; button_two_border_radius__hover_enabled=&#8220;off&#8220; button_letter_spacing__hover_enabled=&#8220;off&#8220; button_one_letter_spacing__hover_enabled=&#8220;off&#8220; button_two_letter_spacing__hover_enabled=&#8220;off&#8220; button_bg_color__hover_enabled=&#8220;off&#8220; button_one_bg_color__hover_enabled=&#8220;off&#8220; button_two_bg_color__hover_enabled=&#8220;off&#8220; sticky_enabled=&#8220;0&#8243;][\/et_pb_contact_field][et_pb_contact_field field_id=&#8220;Phone&#8220; field_title=&#8220;Rufnummer&#8220; min_length=&#8220;6&#8243; max_length=&#8220;12&#8243; allowed_symbols=&#8220;numbers&#8220; fullwidth_field=&#8220;on&#8220; _builder_version=&#8220;4.24.2&#8243; _module_preset=&#8220;default&#8220; hover_enabled=&#8220;0&#8243; global_colors_info=&#8220;{}&#8220; sticky_enabled=&#8220;0&#8243;][\/et_pb_contact_field][\/et_pb_contact_form][\/et_pb_column][\/et_pb_row][\/et_pb_section][et_pb_section fb_built=&#8220;1&#8243; prev_background_color=&#8220;#ffffff&#8220; next_background_color=&#8220;#ffffff&#8220; admin_label=&#8220;About Section&#8220; _builder_version=&#8220;4.22.2&#8243; background_color=&#8220;gcid-d0019d06-2fb0-4bd9-901a-6380462bc007&#8243; custom_padding=&#8220;100px|0px|100px|0px&#8220; top_divider_style=&#8220;arrow3&#8243; bottom_divider_style=&#8220;arrow3&#8243; locked=&#8220;off&#8220; global_colors_info=&#8220;{%22gcid-d0019d06-2fb0-4bd9-901a-6380462bc007%22:%91%22background_color%22%93}&#8220;][et_pb_row _builder_version=&#8220;4.22.2&#8243; _module_preset=&#8220;default&#8220; global_colors_info=&#8220;{}&#8220;][et_pb_column type=&#8220;4_4&#8243; _builder_version=&#8220;4.22.2&#8243; _module_preset=&#8220;default&#8220; global_colors_info=&#8220;{}&#8220;][et_pb_text _builder_version=&#8220;4.22.2&#8243; _module_preset=&#8220;default&#8220; header_2_text_align=&#8220;center&#8220; header_3_text_align=&#8220;center&#8220; global_colors_info=&#8220;{}&#8220;]<\/p>\n<h2>Treffen wir uns<\/h2>\n<h3>&#8211; Der Kaffee geht auf uns<\/h3>\n<p>[\/et_pb_text][\/et_pb_column][\/et_pb_row][et_pb_row column_structure=&#8220;1_3,1_3,1_3&#8243; make_equal=&#8220;on&#8220; _builder_version=&#8220;4.22.2&#8243; max_width=&#8220;1440px&#8220; custom_margin=&#8220;0px|auto|70px|auto|false|false&#8220; custom_css_main_element=&#8220;\/*set the height of the slide image*\/||.et_pb_gallery_fullwidth .et_pb_gallery_image img {||   width: auto;||   height: 300px;||}||\/*align the slide image to the middle*\/||.et_pb_gallery_image {||   line-height: 0;||   text-align: center;||}&#8220; global_colors_info=&#8220;{}&#8220;][et_pb_column type=&#8220;1_3&#8243; _builder_version=&#8220;4.22.2&#8243; background_color=&#8220;#FFFFFF&#8220; custom_padding=&#8220;40px|20px|40px|20px|true|true&#8220; border_radii=&#8220;on|20px|20px|20px|20px&#8220; border_color_all=&#8220;#000000&#8243; box_shadow_style=&#8220;preset1&#8243; global_colors_info=&#8220;{}&#8220; custom_padding__hover=&#8220;|||&#8220;][et_pb_blurb use_icon=&#8220;on&#8220; font_icon=&#8220;&#xe090;||divi||400&#8243; icon_color=&#8220;#ffffff&#8220; image_icon_background_color=&#8220;gcid-b8f79f9a-d9c1-4119-9c56-620686091b1d&#8220; image_icon_width=&#8220;40px&#8220; content_max_width=&#8220;90%&#8220; _builder_version=&#8220;4.22.2&#8243; header_font=&#8220;Lato|900||on|||||&#8220; header_font_size=&#8220;15px&#8220; header_letter_spacing=&#8220;1px&#8220; header_line_height=&#8220;1.4em&#8220; body_font=&#8220;Lato||||||||&#8220; body_text_color=&#8220;#898f99&#8243; body_line_height=&#8220;1.6em&#8220; image_icon_custom_padding=&#8220;25px|25px|25px|25px|false|false&#8220; text_orientation=&#8220;center&#8220; custom_margin=&#8220;0px||0px||false|false&#8220; custom_padding=&#8220;0px||0px||false|false&#8220; animation=&#8220;off&#8220; border_radii_image=&#8220;on|100%|100%|100%|100%&#8220; icon_font_size=&#8220;40px&#8220; use_circle=&#8220;on&#8220; circle_color=&#8220;#bdc1c9&#8243; locked=&#8220;off&#8220; global_colors_info=&#8220;{%22gcid-b8f79f9a-d9c1-4119-9c56-620686091b1d%22:%91%22image_icon_background_color%22%93}&#8220; image_icon_background_color__sticky_enabled=&#8220;#7EBEC5&#8243; image_icon_background_color__sticky=&#8220;#7EBEC5&#8243;]<\/p>\n<h2>Rufen Sie uns an<\/h2>\n<p>+45 69 69 13 23<\/p>\n<p>[\/et_pb_blurb][\/et_pb_column][et_pb_column type=&#8220;1_3&#8243; _builder_version=&#8220;4.22.2&#8243; background_color=&#8220;#FFFFFF&#8220; custom_padding=&#8220;40px|20px|40px|20px|true|true&#8220; border_radii=&#8220;on|20px|20px|20px|20px&#8220; border_color_all=&#8220;#000000&#8243; box_shadow_style=&#8220;preset1&#8243; global_colors_info=&#8220;{}&#8220; custom_padding__hover=&#8220;|||&#8220;][et_pb_blurb use_icon=&#8220;on&#8220; font_icon=&#8220;&#xe01d;||divi||400&#8243; icon_color=&#8220;#ffffff&#8220; image_icon_background_color=&#8220;gcid-b8f79f9a-d9c1-4119-9c56-620686091b1d&#8220; image_icon_width=&#8220;40px&#8220; content_max_width=&#8220;90%&#8220; _builder_version=&#8220;4.22.2&#8243; header_font=&#8220;Lato|900||on|||||&#8220; header_font_size=&#8220;15px&#8220; header_letter_spacing=&#8220;1px&#8220; header_line_height=&#8220;1.4em&#8220; body_font=&#8220;Lato||||||||&#8220; body_text_color=&#8220;#898f99&#8243; body_line_height=&#8220;1.6em&#8220; image_icon_custom_padding=&#8220;25px|25px|25px|25px|false|false&#8220; text_orientation=&#8220;center&#8220; custom_margin=&#8220;0px||0px||false|false&#8220; custom_padding=&#8220;0px||0px||false|false&#8220; animation=&#8220;off&#8220; border_radii_image=&#8220;on|100%|100%|100%|100%&#8220; icon_font_size=&#8220;40px&#8220; use_circle=&#8220;on&#8220; circle_color=&#8220;#bdc1c9&#8243; locked=&#8220;off&#8220; global_colors_info=&#8220;{%22gcid-b8f79f9a-d9c1-4119-9c56-620686091b1d%22:%91%22image_icon_background_color%22%93}&#8220; image_icon_background_color__sticky_enabled=&#8220;#7EBEC5&#8243; image_icon_background_color__sticky=&#8220;#7EBEC5&#8243;]<\/p>\n<h2>Wir leben hier<\/h2>\n<p>Stokagervej 6f, st. tv<br \/>8240 Risskow<br \/>D\u00e4nemark<\/p>\n<p>[\/et_pb_blurb][\/et_pb_column][et_pb_column type=&#8220;1_3&#8243; _builder_version=&#8220;4.22.2&#8243; background_color=&#8220;#FFFFFF&#8220; custom_padding=&#8220;40px|20px|40px|20px|true|true&#8220; border_radii=&#8220;on|20px|20px|20px|20px&#8220; border_color_all=&#8220;#000000&#8243; box_shadow_style=&#8220;preset1&#8243; global_colors_info=&#8220;{}&#8220; custom_padding__hover=&#8220;|||&#8220;][et_pb_blurb use_icon=&#8220;on&#8220; font_icon=&#8220;agsdi-mail||fa||400&#8243; icon_color=&#8220;#ffffff&#8220; image_icon_background_color=&#8220;gcid-b8f79f9a-d9c1-4119-9c56-620686091b1d&#8220; image_icon_width=&#8220;40px&#8220; content_max_width=&#8220;90%&#8220; _builder_version=&#8220;4.23.1&#8243; header_font=&#8220;Lato|900||on|||||&#8220; header_font_size=&#8220;15px&#8220; header_letter_spacing=&#8220;1px&#8220; header_line_height=&#8220;1.4em&#8220; body_font=&#8220;Lato||||||||&#8220; body_text_color=&#8220;#898f99&#8243; body_line_height=&#8220;1.6em&#8220; image_icon_custom_padding=&#8220;25px|25px|25px|25px|false|false&#8220; text_orientation=&#8220;center&#8220; custom_margin=&#8220;0px||0px||false|false&#8220; custom_padding=&#8220;0px||0px||false|false&#8220; animation=&#8220;off&#8220; border_radii_image=&#8220;on|100%|100%|100%|100%&#8220; icon_font_size=&#8220;40px&#8220; use_circle=&#8220;on&#8220; circle_color=&#8220;#bdc1c9&#8243; locked=&#8220;off&#8220; global_colors_info=&#8220;{%22gcid-b8f79f9a-d9c1-4119-9c56-620686091b1d%22:%91%22image_icon_background_color%22%93}&#8220; image_icon_background_color__sticky_enabled=&#8220;#7EBEC5&#8243; image_icon_background_color__sticky=&#8220;#7EBEC5&#8243;]<\/p>\n<h2>Schicken Sie uns eine E-Mail<\/h2>\n<p>info(a)outscale.dk<\/p>\n<p>[\/et_pb_blurb][\/et_pb_column][\/et_pb_row][\/et_pb_section][et_pb_section fb_built=&#8220;1&#8243; admin_label=&#8220;About Section&#8220; _builder_version=&#8220;4.22.2&#8243; custom_margin=&#8220;||100px||false|false&#8220; custom_margin_tablet=&#8220;||50px||false|false&#8220; custom_margin_phone=&#8220;||0px||false|false&#8220; custom_margin_last_edited=&#8220;on|tablet&#8220; custom_padding=&#8220;100px|0px|100px|0px&#8220; locked=&#8220;off&#8220; global_colors_info=&#8220;{}&#8220;][et_pb_row make_equal=&#8220;on&#8220; _builder_version=&#8220;4.22.2&#8243; max_width=&#8220;1440px&#8220; custom_margin=&#8220;||70px|&#8220; custom_css_main_element=&#8220;margin:auto;&#8220; global_colors_info=&#8220;{}&#8220;][et_pb_column type=&#8220;4_4&#8243; _builder_version=&#8220;4.22.2&#8243; custom_padding=&#8220;|||&#8220; custom_css_main_element=&#8220;margin: auto;&#8220; global_colors_info=&#8220;{}&#8220; custom_padding__hover=&#8220;|||&#8220;][et_pb_map google_api_key=&#8220;AIzaSyBB19fLazH1c7Z4VKtNOH5If-t4ob3Y7W0&#8243; address=&#8220;Stokagervej 6f 8240&#8243; zoom_level=&#8220;14&#8243; address_lat=&#8220;56.210314204326&#8243; address_lng=&#8220;10.227549900192&#8243; _builder_version=&#8220;4.23.1&#8243; _module_preset=&#8220;default&#8220; global_colors_info=&#8220;{}&#8220;][et_pb_map_pin pin_address=&#8220;Stokagervej 6f 8240&#8243; zoom_level=&#8220;15&#8243; pin_address_lat=&#8220;56.208971510909&#8243; pin_address_lng=&#8220;10.230159759521&#8243; _builder_version=&#8220;4.23.1&#8243; _module_preset=&#8220;default&#8220; global_colors_info=&#8220;{}&#8220;][\/et_pb_map_pin][\/et_pb_map][\/et_pb_column][\/et_pb_row][\/et_pb_section]<\/p>\n","protected":false},"excerpt":{"rendered":"<p>Haben Sie noch Fragen? &nbsp; Nehmen Sie Kontakt mit uns auf!Wir w\u00fcrden gerne mehr \u00fcber Ihr Projekt erfahrenF\u00fcllen Sie das Kontaktformular aus und wir werden uns so schnell wie m\u00f6glich mit Ihnen in Verbindung setzen. Sie k\u00f6nnen uns auch w\u00e4hrend der unten aufgef\u00fchrten \u00d6ffnungszeiten anrufen. Wenn Sie bereits Kunde sind, haben wir nat\u00fcrlich einen 24-Stunden-Bereitschaftsdienst, [&hellip;]<\/p>\n","protected":false},"author":2,"featured_media":0,"parent":0,"menu_order":0,"comment_status":"closed","ping_status":"closed","template":"","meta":{"_et_pb_use_builder":"on","_et_pb_old_content":"","_et_gb_content_width":"","inline_featured_image":false,"footnotes":""},"folder":[],"class_list":["post-243231","page","type-page","status-publish","hentry"],"_links":{"self":[{"href":"https:\/\/outscale.dk\/de\/wp-json\/wp\/v2\/pages\/243231","targetHints":{"allow":["GET"]}}],"collection":[{"href":"https:\/\/outscale.dk\/de\/wp-json\/wp\/v2\/pages"}],"about":[{"href":"https:\/\/outscale.dk\/de\/wp-json\/wp\/v2\/types\/page"}],"author":[{"embeddable":true,"href":"https:\/\/outscale.dk\/de\/wp-json\/wp\/v2\/users\/2"}],"replies":[{"embeddable":true,"href":"https:\/\/outscale.dk\/de\/wp-json\/wp\/v2\/comments?post=243231"}],"version-history":[{"count":3,"href":"https:\/\/outscale.dk\/de\/wp-json\/wp\/v2\/pages\/243231\/revisions"}],"predecessor-version":[{"id":243581,"href":"https:\/\/outscale.dk\/de\/wp-json\/wp\/v2\/pages\/243231\/revisions\/243581"}],"wp:attachment":[{"href":"https:\/\/outscale.dk\/de\/wp-json\/wp\/v2\/media?parent=243231"}],"wp:term":[{"taxonomy":"folder","embeddable":true,"href":"https:\/\/outscale.dk\/de\/wp-json\/wp\/v2\/folder?post=243231"}],"curies":[{"name":"wp","href":"https:\/\/api.w.org\/{rel}","templated":true}]}}