{"id":243228,"date":"2023-10-22T18:48:40","date_gmt":"2023-10-22T16:48:40","guid":{"rendered":"https:\/\/stage.outscale.dk\/ueber-uns\/"},"modified":"2024-04-09T14:15:04","modified_gmt":"2024-04-09T12:15:04","slug":"ueber-uns","status":"publish","type":"page","link":"https:\/\/outscale.dk\/de\/ueber-uns\/","title":{"rendered":"\u00dcber uns"},"content":{"rendered":"<p>[et_pb_section fb_built=&#8220;1&#8243; custom_padding_last_edited=&#8220;on|phone&#8220; next_background_color=&#8220;#ffffff&#8220; admin_label=&#8220;Hero section&#8220; _builder_version=&#8220;4.23.1&#8243; use_background_color_gradient=&#8220;on&#8220; background_color_gradient_stops=&#8220;gcid-075eed47-f94b-4384-8788-0a4e1ee23a94 0%|gcid-b8f79f9a-d9c1-4119-9c56-620686091b1d 100%&#8220; background_color_gradient_overlays_image=&#8220;on&#8220; background_color_gradient_start=&#8220;rgba(150,105,97,0.67)&#8220; background_color_gradient_end=&#8220;rgba(2,0,76,0.84)&#8220; background_image=&#8220;https:\/\/outscale.dk\/wp-content\/uploads\/2023\/10\/outscale-om-os-scaled.jpg&#8220; parallax=&#8220;on&#8220; z_index=&#8220;-500&#8243; min_height=&#8220;550px&#8220; min_height_tablet=&#8220;&#8220; min_height_phone=&#8220;&#8220; min_height_last_edited=&#8220;on|phone&#8220; custom_margin=&#8220;-100px||||false|false&#8220; custom_margin_tablet=&#8220;0px||0px||true|false&#8220; custom_margin_phone=&#8220;0px||0px||true|false&#8220; custom_margin_last_edited=&#8220;on|phone&#8220; custom_padding=&#8220;10%||15%||false|false&#8220; custom_padding_tablet=&#8220;||10%||false|false&#8220; custom_padding_phone=&#8220;10%||10%||false|false&#8220; bottom_divider_style=&#8220;curve2&#8243; bottom_divider_repeat=&#8220;1x&#8220; bottom_divider_style_tablet=&#8220;curve2&#8243; bottom_divider_style_phone=&#8220;none&#8220; bottom_divider_style_last_edited=&#8220;on|desktop&#8220; module_alignment_last_edited=&#8220;off|phone&#8220; global_colors_info=&#8220;{%22gcid-b8f79f9a-d9c1-4119-9c56-620686091b1d%22:%91%22background_color_gradient_stops%22%93,%22gcid-c63b5d83-3fbd-4df2-ad78-99af3c9d0869%22:%91%22background_color_gradient_stops%22%93,%22gcid-075eed47-f94b-4384-8788-0a4e1ee23a94%22:%91%22background_color_gradient_stops%22%93}&#8220;][et_pb_row _builder_version=&#8220;4.22.2&#8243; module_alignment=&#8220;center&#8220; custom_margin=&#8220;||||false|false&#8220; custom_margin_tablet=&#8220;60px||||false|false&#8220; custom_margin_phone=&#8220;110px||||false|false&#8220; custom_margin_last_edited=&#8220;on|phone&#8220; custom_padding=&#8220;||||false|false&#8220; global_colors_info=&#8220;{}&#8220;][et_pb_column type=&#8220;4_4&#8243; _builder_version=&#8220;4.22.2&#8243; custom_padding=&#8220;1px|||&#8220; global_colors_info=&#8220;{}&#8220; custom_padding__hover=&#8220;|||&#8220;][et_pb_text _builder_version=&#8220;4.22.2&#8243; _module_preset=&#8220;default&#8220; header_text_color=&#8220;#FFFFFF&#8220; header_2_text_color=&#8220;#FFFFFF&#8220; text_orientation=&#8220;center&#8220; custom_padding=&#8220;20px||20px||false|false&#8220; global_colors_info=&#8220;{}&#8220;]<\/p>\n<div class=\"elementor-element elementor-element-4b8b3d1f elementor-widget elementor-widget-heading\" data-id=\"4b8b3d1f\" data-element_type=\"widget\" data-widget_type=\"heading.default\">\n<div class=\"elementor-widget-container\">\n<h1 class=\"elementor-heading-title elementor-size-default\">Wer sind wir?<\/h1>\n<p>&nbsp;<\/p>\n<\/div>\n<\/div>\n<p>[\/et_pb_text][\/et_pb_column][\/et_pb_row][\/et_pb_section][et_pb_section fb_built=&#8220;1&#8243; custom_padding_last_edited=&#8220;on|desktop&#8220; _builder_version=&#8220;4.22.2&#8243; custom_padding=&#8220;54px|0px|0px|0px|false|false&#8220; custom_padding_tablet=&#8220;54px|0px|0px|0px|false|false&#8220; custom_padding_phone=&#8220;54px|0px|0px|0px|false|false&#8220; global_colors_info=&#8220;{}&#8220;][et_pb_row make_equal=&#8220;on&#8220; _builder_version=&#8220;4.22.2&#8243; background_enable_color=&#8220;off&#8220; background_size=&#8220;initial&#8220; background_position=&#8220;top_left&#8220; background_repeat=&#8220;repeat&#8220; width=&#8220;65%&#8220; width_tablet=&#8220;90%&#8220; width_phone=&#8220;90%&#8220; width_last_edited=&#8220;on|desktop&#8220; max_width=&#8220;1440px&#8220; custom_margin=&#8220;-10%||||false|false&#8220; custom_padding=&#8220;||||false|false&#8220; animation_style=&#8220;slide&#8220; animation_direction=&#8220;bottom&#8220; animation_intensity_slide=&#8220;6%&#8220; animation_starting_opacity=&#8220;100%&#8220; border_style_all=&#8220;none&#8220; use_custom_width=&#8220;on&#8220; custom_width_px=&#8220;1440px&#8220; global_colors_info=&#8220;{}&#8220;][et_pb_column type=&#8220;4_4&#8243; _builder_version=&#8220;4.22.2&#8243; _module_preset=&#8220;default&#8220; background_color=&#8220;#FFFFFF&#8220; custom_padding=&#8220;40px|20px|40px|20px|true|true&#8220; border_radii=&#8220;on|20px|20px|20px|20px&#8220; border_color_all=&#8220;#000000&#8243; box_shadow_style=&#8220;preset1&#8243; global_colors_info=&#8220;{}&#8220; custom_padding__hover=&#8220;|||&#8220;][et_pb_blurb title=&#8220;Bei Outscale schaffen wir L\u00f6sungen!&#8220; use_icon=&#8220;on&#8220; font_icon=&#8220;&#x75;||divi||400&#8243; icon_color=&#8220;#ffffff&#8220; image_icon_background_color=&#8220;gcid-b8f79f9a-d9c1-4119-9c56-620686091b1d&#8220; image_icon_width=&#8220;40px&#8220; content_max_width=&#8220;90%&#8220; _builder_version=&#8220;4.22.2&#8243; header_level=&#8220;h3&#8243; header_font=&#8220;Lato|900||on|||||&#8220; header_font_size=&#8220;22px&#8220; header_letter_spacing=&#8220;1px&#8220; header_line_height=&#8220;1.4em&#8220; body_font=&#8220;Lato||||||||&#8220; body_text_color=&#8220;#898f99&#8243; body_line_height=&#8220;1.6em&#8220; image_icon_custom_padding=&#8220;25px|25px|25px|25px|false|false&#8220; text_orientation=&#8220;center&#8220; custom_margin=&#8220;0px||0px||false|false&#8220; custom_padding=&#8220;0px||0px||false|false&#8220; animation=&#8220;off&#8220; border_radii_image=&#8220;on|100%|100%|100%|100%&#8220; icon_font_size=&#8220;40px&#8220; use_circle=&#8220;on&#8220; circle_color=&#8220;#bdc1c9&#8243; global_colors_info=&#8220;{%22gcid-b8f79f9a-d9c1-4119-9c56-620686091b1d%22:%91%22image_icon_background_color%22%93}&#8220; image_icon_background_color__sticky_enabled=&#8220;#7EBEC5&#8243; image_icon_background_color__sticky=&#8220;#7EBEC5&#8243;]<\/p>\n<p>Outscale ist ein Unternehmen, das mit einer Leidenschaft f\u00fcr Handwerkskunst und Qualit\u00e4t gegr\u00fcndet wurde. Unser Ziel ist es daher, L\u00f6sungen zu schaffen, die den Bed\u00fcrfnissen unserer Kunden entsprechen. Wir verf\u00fcgen \u00fcber einen reichen Erfahrungsschatz aus vielen verschiedenen Projekten, der die Grundlage f\u00fcr die hochkomplexen L\u00f6sungen und Projekte bildet, mit denen wir uns heute besch\u00e4ftigen.<\/p>\n<p>Wir sind st\u00e4ndig auf der Suche nach neuen Erkenntnissen und unsere Leidenschaft f\u00fcr Gr\u00fcndlichkeit und gute Arbeit sorgt daf\u00fcr, dass wir immer die bestm\u00f6gliche Arbeit abliefern.<br \/>Alle unsere Mitarbeiter werden handverlesen, um sicherzustellen, dass alle dieselbe Leidenschaft teilen. Es sind unsere talentierten Mitarbeiter, die unsere Glaubw\u00fcrdigkeit und unser Profil ausmachen.<\/p>\n<p>[\/et_pb_blurb][\/et_pb_column][\/et_pb_row][\/et_pb_section][et_pb_section fb_built=&#8220;1&#8243; admin_label=&#8220;About Section&#8220; _builder_version=&#8220;4.22.2&#8243; custom_margin=&#8220;0px||||false|false&#8220; custom_padding=&#8220;|0px|100px|0px|false|false&#8220; global_colors_info=&#8220;{}&#8220;][et_pb_row column_structure=&#8220;1_2,1_2&#8243; make_equal=&#8220;on&#8220; _builder_version=&#8220;4.22.2&#8243; max_width=&#8220;1440px&#8220; custom_margin=&#8220;||70px|&#8220; global_colors_info=&#8220;{}&#8220;][et_pb_column type=&#8220;1_2&#8243; _builder_version=&#8220;4.22.2&#8243; custom_padding=&#8220;|||&#8220; custom_css_main_element=&#8220;margin: auto;&#8220; global_colors_info=&#8220;{}&#8220; custom_padding__hover=&#8220;|||&#8220;][et_pb_text _builder_version=&#8220;4.22.2&#8243; text_font=&#8220;Lato||||||||&#8220; text_text_color=&#8220;#898f99&#8243; text_line_height=&#8220;2em&#8220; header_font=&#8220;||||||||&#8220; header_2_font=&#8220;Lato||||||||&#8220; header_3_font=&#8220;Lato|700|||||||&#8220; header_3_line_height=&#8220;1.5em&#8220; custom_margin=&#8220;||||false|false&#8220; global_colors_info=&#8220;{}&#8220;]<\/p>\n<h3>Unsere Vision<\/h3>\n<p>Unsere Vision ist es, Sicherheitsl\u00f6sungen zu liefern, die f\u00fcr Sie geeignet sind. Uns liegt viel daran, dass unsere Kunden das erreichen, was sie wollen. Deshalb stehen Sie als Kunde bei uns immer im Mittelpunkt. In diesem Sinne besteht unsere Vision nicht darin, etwas von der Stange zu finden, das Ihre Sicherheitsbed\u00fcrfnisse erf\u00fcllen k\u00f6nnte, sondern die L\u00f6sung zu schaffen, die Sie brauchen, indem wir Ihre W\u00fcnsche und Anforderungen verstehen.<\/p>\n<p>Deshalb achten wir auch darauf, dass wir \u00fcber neue Produkte, neues Wissen und nicht zuletzt \u00fcber neue M\u00f6glichkeiten, die unsere Kunden betreffen, auf dem Laufenden bleiben &#8211; auch wenn Sie der Einzige mit Ihrer Art von L\u00f6sung sind.<\/p>\n<p>&nbsp;<\/p>\n<p>[\/et_pb_text][et_pb_text _builder_version=&#8220;4.22.2&#8243; text_font=&#8220;Lato||||||||&#8220; text_text_color=&#8220;#898f99&#8243; text_line_height=&#8220;2em&#8220; header_font=&#8220;||||||||&#8220; header_2_font=&#8220;Lato||||||||&#8220; header_3_font=&#8220;Lato|700|||||||&#8220; header_3_line_height=&#8220;1.5em&#8220; custom_margin=&#8220;||||false|false&#8220; global_colors_info=&#8220;{}&#8220;]<\/p>\n<h3>Kundenzentrierung<\/h3>\n<p>Obwohl wir viele verschiedene Arten von Projekten l\u00f6sen, sind wir stolz darauf, dass bei uns der Kunde immer an erster Stelle steht. Sie werden also nicht von einem schlauen Verk\u00e4ufer begr\u00fc\u00dft, der versucht, eine L\u00f6sung von der Stange f\u00fcr Sie zu finden, sondern unsere qualifizierten Mitarbeiter konzentrieren sich auf die Analyse Ihrer spezifischen Bed\u00fcrfnisse. Auf diese Weise wird sichergestellt, dass Sie in die L\u00f6sung einbezogen werden, die Ihren Bed\u00fcrfnissen entspricht, und zwar bei jedem Schritt.<\/p>\n<p>&nbsp;<\/p>\n<p>[\/et_pb_text][\/et_pb_column][et_pb_column type=&#8220;1_2&#8243; _builder_version=&#8220;4.16&#8243; custom_padding=&#8220;|||&#8220; global_colors_info=&#8220;{}&#8220; custom_padding__hover=&#8220;|||&#8220;][et_pb_image src=&#8220;https:\/\/outscale.dk\/wp-content\/uploads\/2023\/10\/OutScale-Rasmus-Stairs.jpg&#8220; title_text=&#8220;OutScale Rasmus Treppe&#8220; show_bottom_space=&#8220;off&#8220; force_fullwidth=&#8220;on&#8220; align_tablet=&#8220;center&#8220; align_phone=&#8220;center&#8220; align_last_edited=&#8220;on|desktop&#8220; _builder_version=&#8220;4.22.2&#8243; custom_margin=&#8220;||||false|false&#8220; custom_padding=&#8220;20px|20px|20px|20px|false|false&#8220; animation_style=&#8220;fade&#8220; border_radii=&#8220;on|60px|60px|60px|60px&#8220; box_shadow_style=&#8220;preset1&#8243; box_shadow_blur=&#8220;40px&#8220; box_shadow_spread=&#8220;10px&#8220; locked=&#8220;off&#8220; global_colors_info=&#8220;{}&#8220;][\/et_pb_image][\/et_pb_column][\/et_pb_row][\/et_pb_section][et_pb_section fb_built=&#8220;1&#8243; prev_background_color=&#8220;#ffffff&#8220; next_background_color=&#8220;#ffffff&#8220; admin_label=&#8220;About Section&#8220; _builder_version=&#8220;4.22.2&#8243; background_color=&#8220;gcid-d0019d06-2fb0-4bd9-901a-6380462bc007&#8243; custom_padding=&#8220;100px|0px|100px|0px&#8220; top_divider_style=&#8220;arrow3&#8243; bottom_divider_style=&#8220;arrow3&#8243; locked=&#8220;off&#8220; global_colors_info=&#8220;{%22gcid-d0019d06-2fb0-4bd9-901a-6380462bc007%22:%91%22background_color%22%93}&#8220;][et_pb_row column_structure=&#8220;1_2,1_2&#8243; make_equal=&#8220;on&#8220; _builder_version=&#8220;4.23.1&#8243; max_width=&#8220;1440px&#8220; custom_margin=&#8220;31px|auto|70px|auto||&#8220; custom_css_main_element=&#8220;\/*set the height of the slide image*\/||.et_pb_gallery_fullwidth .et_pb_gallery_image img {||   width: auto;||   height: 300px;||}||\/*align the slide image to the middle*\/||.et_pb_gallery_image {||   line-height: 0;||   text-align: center;||}&#8220; global_colors_info=&#8220;{}&#8220;][et_pb_column type=&#8220;1_2&#8243; _builder_version=&#8220;4.23.1&#8243; custom_padding=&#8220;|||&#8220; custom_css_main_element=&#8220;margin:auto;&#8220; global_colors_info=&#8220;{}&#8220; custom_padding__hover=&#8220;|||&#8220;][et_pb_gallery gallery_ids=&#8220;241891,241890,241889&#8243; fullwidth=&#8220;on&#8220; _builder_version=&#8220;4.23.1&#8243; _module_preset=&#8220;default&#8220; custom_padding=&#8220;50px||50px||false|false&#8220; global_colors_info=&#8220;{}&#8220;][\/et_pb_gallery][\/et_pb_column][et_pb_column type=&#8220;1_2&#8243; _builder_version=&#8220;4.23.1&#8243; custom_padding=&#8220;|||&#8220; custom_css_main_element=&#8220;margin:auto;&#8220; global_colors_info=&#8220;{}&#8220; custom_padding__hover=&#8220;|||&#8220; custom_css_main_element_last_edited=&#8220;on|desktop&#8220; custom_css_main_element_tablet=&#8220;margin:auto;&#8220; custom_css_main_element_phone=&#8220;margin:auto;&#8220;][et_pb_text admin_label=&#8220;Tekst&#8220; _builder_version=&#8220;4.22.2&#8243; _module_preset=&#8220;default&#8220; locked=&#8220;off&#8220; global_colors_info=&#8220;{}&#8220;]<\/p>\n<h1 style=\"text-align: center;\">Zertifizierungen<\/h1>\n<p>[\/et_pb_text][et_pb_text _builder_version=&#8220;4.23.1&#8243; _module_preset=&#8220;default&#8220; global_colors_info=&#8220;{}&#8220;]<\/p>\n<p>Wir sind nach ISO9001:2015 in den Bereichen automatische Einbruchmeldeanlagen, Zutrittskontrolle und Video\u00fcberwachung zertifiziert, was bedeutet, dass Sie sich immer auf eine hohe Qualit\u00e4t verlassen k\u00f6nnen und gleichzeitig die Erweiterung, Probleml\u00f6sung und Fehlerbehebung von Systemen immer einfach ist, da die Dokumentation dem h\u00f6chstm\u00f6glichen Standard entspricht.<br \/>Dar\u00fcber hinaus sind wir von der d\u00e4nischen Sicherheitsbeh\u00f6rde als zugelassener Elektriker anerkannt, so dass wir Ihnen auch die Einhaltung der Vorschriften f\u00fcr Ihre Elektroinstallation in Verbindung mit einer unserer L\u00f6sungen gew\u00e4hrleisten k\u00f6nnen.<\/p>\n<p>Dar\u00fcber hinaus sind wir f\u00fcr eine Reihe von spezifischen Produkten zertifiziert:<\/p>\n<p>&#8211; Milestone Gold Channel Partner, was bedeutet, dass wir gro\u00dfe und komplexe L\u00f6sungen mit dem am h\u00e4ufigsten verwendeten Video\u00fcberwachungssystem auf dem Markt liefern k\u00f6nnen.<br \/>&#8211; NOX-Zertifizierung von ARAS<\/p>\n<p>[\/et_pb_text][\/et_pb_column][\/et_pb_row][\/et_pb_section][et_pb_section fb_built=&#8220;1&#8243; admin_label=&#8220;About Section&#8220; _builder_version=&#8220;4.22.2&#8243; custom_margin=&#8220;||100px||false|false&#8220; custom_margin_tablet=&#8220;||50px||false|false&#8220; custom_margin_phone=&#8220;||0px||false|false&#8220; custom_margin_last_edited=&#8220;on|tablet&#8220; custom_padding=&#8220;100px|0px|100px|0px&#8220; locked=&#8220;off&#8220; global_colors_info=&#8220;{}&#8220;][et_pb_row column_structure=&#8220;1_2,1_2&#8243; make_equal=&#8220;on&#8220; _builder_version=&#8220;4.22.2&#8243; max_width=&#8220;1440px&#8220; custom_margin=&#8220;||70px|&#8220; custom_css_main_element=&#8220;margin:auto;&#8220; global_colors_info=&#8220;{}&#8220;][et_pb_column type=&#8220;1_2&#8243; _builder_version=&#8220;4.22.2&#8243; custom_padding=&#8220;|||&#8220; custom_css_main_element=&#8220;margin: auto;&#8220; global_colors_info=&#8220;{}&#8220; custom_padding__hover=&#8220;|||&#8220;][et_pb_image src=&#8220;https:\/\/outscale.dk\/wp-content\/uploads\/2023\/10\/outscale-kunder-bw-1024&#215;698-1.png&#8220; title_text=&#8220;outscale-kunder-bw-1024&#215;698&#8243; show_bottom_space=&#8220;off&#8220; align=&#8220;center&#8220; align_tablet=&#8220;center&#8220; align_phone=&#8220;center&#8220; align_last_edited=&#8220;on|tablet&#8220; _builder_version=&#8220;4.22.2&#8243; module_alignment=&#8220;center&#8220; max_height=&#8220;700px&#8220; custom_margin=&#8220;||||false|false&#8220; custom_padding=&#8220;20px|20px|20px|20px|false|false&#8220; custom_padding_tablet=&#8220;||40px||false|false&#8220; custom_padding_phone=&#8220;||40px||false|false&#8220; custom_padding_last_edited=&#8220;on|phone&#8220; animation_style=&#8220;fade&#8220; border_radii=&#8220;on|60px|60px|60px|60px&#8220; box_shadow_style=&#8220;preset1&#8243; box_shadow_blur=&#8220;40px&#8220; box_shadow_spread=&#8220;10px&#8220; locked=&#8220;off&#8220; global_colors_info=&#8220;{}&#8220;][\/et_pb_image][\/et_pb_column][et_pb_column type=&#8220;1_2&#8243; _builder_version=&#8220;4.22.2&#8243; custom_padding=&#8220;|||&#8220; custom_css_main_element=&#8220;margin:auto;&#8220; global_colors_info=&#8220;{}&#8220; custom_padding__hover=&#8220;|||&#8220; custom_css_main_element_last_edited=&#8220;on|desktop&#8220; custom_css_main_element_tablet=&#8220;margin:auto;&#8220; custom_css_main_element_phone=&#8220;margin:auto;&#8220;][et_pb_text _builder_version=&#8220;4.22.2&#8243; text_font=&#8220;Lato||||||||&#8220; text_text_color=&#8220;#898f99&#8243; text_line_height=&#8220;2em&#8220; header_font=&#8220;||||||||&#8220; header_2_font=&#8220;Lato||||||||&#8220; header_3_font=&#8220;Lato|700|||||||&#8220; header_3_line_height=&#8220;1.5em&#8220; custom_margin=&#8220;||||false|false&#8220; global_colors_info=&#8220;{}&#8220;]<\/p>\n<h3>Gelernte Lektionen<\/h3>\n<p>Wir arbeiten an einer Vielzahl von Projekten im In- und Ausland &#8211; gro\u00dfen und kleinen. Wir haben Kunden mit Standorten in mehreren L\u00e4ndern, bei denen wir eine einfache und intuitive Nutzung und Verkn\u00fcpfung der Systeme sicherstellen.<\/p>\n<p>Dar\u00fcber hinaus verf\u00fcgen wir \u00fcber umfangreiche Erfahrungen mit der Anbindung an Buchungssysteme und dergleichen, was bedeutet, dass wir ein System liefern k\u00f6nnen, das mit Ihren bestehenden Systemen und Buchungsl\u00f6sungen kommunizieren kann.<\/p>\n<p>M\u00f6chten Sie mehr \u00fcber einige unserer Projekte erfahren?<br \/>Klicken Sie auf die Schaltfl\u00e4che unten, um die vielen verschiedenen L\u00f6sungen zu sehen, die wir entwickelt haben<\/p>\n<p>&nbsp;<\/p>\n<p>[\/et_pb_text][et_pb_button button_text=&#8220;Unsere Referenzen&#8220; button_alignment=&#8220;center&#8220; _builder_version=&#8220;4.24.2&#8243; custom_button=&#8220;on&#8220; button_text_size=&#8220;15px&#8220; button_text_color=&#8220;#FFFFFF&#8220; button_bg_color=&#8220;gcid-c63b5d83-3fbd-4df2-ad78-99af3c9d0869&#8243; button_border_width=&#8220;0px&#8220; button_border_radius=&#8220;6px&#8220; button_letter_spacing=&#8220;1px&#8220; button_font=&#8220;Lato|700||on|||||&#8220; button_use_icon=&#8220;off&#8220; custom_margin=&#8220;40px||||false|false&#8220; custom_padding=&#8220;10px|30px|10px|30px|true|false&#8220; hover_enabled=&#8220;0&#8243; button_letter_spacing_hover=&#8220;1px&#8220; button_bg_color_hover=&#8220;rgba(60,57,230,0.2)&#8220; locked=&#8220;off&#8220; global_colors_info=&#8220;{%22gcid-c63b5d83-3fbd-4df2-ad78-99af3c9d0869%22:%91%22button_bg_color%22%93,%22gcid-b8f79f9a-d9c1-4119-9c56-620686091b1d%22:%91%22button_bg_color__hover%22%93}&#8220; button_text_size__hover_enabled=&#8220;off&#8220; button_one_text_size__hover_enabled=&#8220;off&#8220; button_two_text_size__hover_enabled=&#8220;off&#8220; button_text_color__hover_enabled=&#8220;off&#8220; button_one_text_color__hover_enabled=&#8220;off&#8220; button_two_text_color__hover_enabled=&#8220;off&#8220; button_border_width__hover_enabled=&#8220;off&#8220; button_one_border_width__hover_enabled=&#8220;off&#8220; button_two_border_width__hover_enabled=&#8220;off&#8220; button_border_color__hover_enabled=&#8220;off&#8220; button_one_border_color__hover_enabled=&#8220;off&#8220; button_two_border_color__hover_enabled=&#8220;off&#8220; button_border_radius__hover_enabled=&#8220;off&#8220; button_one_border_radius__hover_enabled=&#8220;off&#8220; button_two_border_radius__hover_enabled=&#8220;off&#8220; button_letter_spacing__hover_enabled=&#8220;on&#8220; button_letter_spacing__hover=&#8220;1px&#8220; button_one_letter_spacing__hover_enabled=&#8220;off&#8220; button_two_letter_spacing__hover_enabled=&#8220;off&#8220; button_bg_color__hover_enabled=&#8220;on|hover&#8220; button_bg_color__hover=&#8220;#14263e&#8220; button_one_bg_color__hover_enabled=&#8220;off&#8220; button_two_bg_color__hover_enabled=&#8220;off&#8220; button_bg_enable_color__hover=&#8220;on&#8220; button_url=&#8220;@ET-DC@eyJkeW5hbWljIjp0cnVlLCJjb250ZW50IjoicG9zdF9saW5rX3VybF9wYWdlIiwic2V0dGluZ3MiOnsicG9zdF9pZCI6IjI0MzI0MCJ9fQ==@&#8220; _dynamic_attributes=&#8220;button_url&#8220; sticky_enabled=&#8220;0&#8243;][\/et_pb_button][\/et_pb_column][\/et_pb_row][\/et_pb_section]<\/p>\n","protected":false},"excerpt":{"rendered":"<p>Wer sind wir? &nbsp; Outscale ist ein Unternehmen, das mit einer Leidenschaft f\u00fcr Handwerkskunst und Qualit\u00e4t gegr\u00fcndet wurde. Unser Ziel ist es daher, L\u00f6sungen zu schaffen, die den Bed\u00fcrfnissen unserer Kunden entsprechen. Wir verf\u00fcgen \u00fcber einen reichen Erfahrungsschatz aus vielen verschiedenen Projekten, der die Grundlage f\u00fcr die hochkomplexen L\u00f6sungen und Projekte bildet, mit denen wir [&hellip;]<\/p>\n","protected":false},"author":2,"featured_media":0,"parent":0,"menu_order":0,"comment_status":"closed","ping_status":"closed","template":"","meta":{"_et_pb_use_builder":"on","_et_pb_old_content":"","_et_gb_content_width":"","inline_featured_image":false,"footnotes":""},"folder":[],"class_list":["post-243228","page","type-page","status-publish","hentry"],"_links":{"self":[{"href":"https:\/\/outscale.dk\/de\/wp-json\/wp\/v2\/pages\/243228","targetHints":{"allow":["GET"]}}],"collection":[{"href":"https:\/\/outscale.dk\/de\/wp-json\/wp\/v2\/pages"}],"about":[{"href":"https:\/\/outscale.dk\/de\/wp-json\/wp\/v2\/types\/page"}],"author":[{"embeddable":true,"href":"https:\/\/outscale.dk\/de\/wp-json\/wp\/v2\/users\/2"}],"replies":[{"embeddable":true,"href":"https:\/\/outscale.dk\/de\/wp-json\/wp\/v2\/comments?post=243228"}],"version-history":[{"count":3,"href":"https:\/\/outscale.dk\/de\/wp-json\/wp\/v2\/pages\/243228\/revisions"}],"predecessor-version":[{"id":243536,"href":"https:\/\/outscale.dk\/de\/wp-json\/wp\/v2\/pages\/243228\/revisions\/243536"}],"wp:attachment":[{"href":"https:\/\/outscale.dk\/de\/wp-json\/wp\/v2\/media?parent=243228"}],"wp:term":[{"taxonomy":"folder","embeddable":true,"href":"https:\/\/outscale.dk\/de\/wp-json\/wp\/v2\/folder?post=243228"}],"curies":[{"name":"wp","href":"https:\/\/api.w.org\/{rel}","templated":true}]}}